{"id":9824,"date":"2024-09-08T08:13:16","date_gmt":"2024-09-08T08:13:16","guid":{"rendered":"https:\/\/www.nakitsrebro.rs\/?post_type=product&#038;p=9824"},"modified":"2025-11-02T14:04:35","modified_gmt":"2025-11-02T14:04:35","slug":"srebrne-mindjuse-penjalice-631","status":"publish","type":"product","link":"http:\/\/www.nakitsrebro.rs\/en\/p\/srebrne-mindjuse-penjalice-631\/","title":{"rendered":"Srebrne min\u0111u\u0161e &#8222;PENJALICE&#8220; 631"},"content":{"rendered":"","protected":false},"excerpt":{"rendered":"<div class=\"info_main product-des-wrap product-des\">\n<div class=\"woocommerce-product-details__short-description\">\n<div class=\"woocommerce-product-details__short-description\">\n<div class=\"woocommerce-product-details__short-description\">\n<div class=\"info_main product-des-wrap product-des\">\n<ul>\n<li><strong>TE\u017dINA<\/strong>: 2,8g<\/li>\n<li><strong>MATERIJAL<\/strong>: SREBRO 925, CIRKON<\/li>\n<li><strong>DU\u017dINA:<\/strong> 2,5cm<\/li>\n<li>Za razliku od klasi\u010dnih min\u0111u\u0161a, penjalice se ne nose samo u u\u0161noj resici, ve\u0107 se penju uz u\u0161nu \u0161koljku. Ovo stvara iluziju du\u017eeg i elegantnijeg vrata. Cirkoni dodaju dodatni sjaj i eleganciju ovim min\u0111u\u0161ama.<\/li>\n<\/ul>\n<\/div>\n<\/div>\n<\/div>\n<\/div>\n<\/div>","protected":false},"featured_media":9825,"comment_status":"closed","ping_status":"closed","template":"","meta":[],"product_brand":[],"product_cat":[294,226],"product_tag":[254],"class_list":{"0":"post-9824","1":"product","2":"type-product","3":"status-publish","4":"has-post-thumbnail","6":"product_cat-srebrne-mindjuse-srebrne-mindjuse","7":"product_cat-srebrne-mindjuse","8":"product_tag-srebrne-mindjuse","10":"first","11":"outofstock","12":"shipping-taxable","13":"purchasable","14":"product-type-simple"},"_links":{"self":[{"href":"http:\/\/www.nakitsrebro.rs\/en\/wp-json\/wp\/v2\/product\/9824","targetHints":{"allow":["GET"]}}],"collection":[{"href":"http:\/\/www.nakitsrebro.rs\/en\/wp-json\/wp\/v2\/product"}],"about":[{"href":"http:\/\/www.nakitsrebro.rs\/en\/wp-json\/wp\/v2\/types\/product"}],"replies":[{"embeddable":true,"href":"http:\/\/www.nakitsrebro.rs\/en\/wp-json\/wp\/v2\/comments?post=9824"}],"wp:featuredmedia":[{"embeddable":true,"href":"http:\/\/www.nakitsrebro.rs\/en\/wp-json\/wp\/v2\/media\/9825"}],"wp:attachment":[{"href":"http:\/\/www.nakitsrebro.rs\/en\/wp-json\/wp\/v2\/media?parent=9824"}],"wp:term":[{"taxonomy":"product_brand","embeddable":true,"href":"http:\/\/www.nakitsrebro.rs\/en\/wp-json\/wp\/v2\/product_brand?post=9824"},{"taxonomy":"product_cat","embeddable":true,"href":"http:\/\/www.nakitsrebro.rs\/en\/wp-json\/wp\/v2\/product_cat?post=9824"},{"taxonomy":"product_tag","embeddable":true,"href":"http:\/\/www.nakitsrebro.rs\/en\/wp-json\/wp\/v2\/product_tag?post=9824"}],"curies":[{"name":"wp","href":"https:\/\/api.w.org\/{rel}","templated":true}]}}