{"id":9827,"date":"2024-09-08T08:17:40","date_gmt":"2024-09-08T08:17:40","guid":{"rendered":"https:\/\/www.nakitsrebro.rs\/?post_type=product&#038;p=9827"},"modified":"2025-11-02T14:04:35","modified_gmt":"2025-11-02T14:04:35","slug":"srebrne-mindjuse-penjalice-627","status":"publish","type":"product","link":"http:\/\/www.nakitsrebro.rs\/en\/p\/srebrne-mindjuse-penjalice-627\/","title":{"rendered":"Srebrne min\u0111u\u0161e &#8222;PENJALICE&#8220; 627"},"content":{"rendered":"<p data-sourcepos=\"1:1-1:150\">Min\u0111u\u0161e penjalice se nose tako da prate liniju u\u0161ne \u0161koljke prema gore, umesto da vise sa resice kao klasi\u010dne min\u0111u\u0161e. Evo koraka kako se obi\u010dno nose:<\/p>\n<ol data-sourcepos=\"3:1-7:0\">\n<li data-sourcepos=\"3:1-3:145\"><strong>Proverite da li imate probu\u0161enu rupicu na uhu:<\/strong> Ve\u0107ina modela min\u0111u\u0161a penjalica zahteva jednu standardnu probu\u0161enu rupicu na u\u0161noj resici.<\/li>\n<li data-sourcepos=\"4:1-4:98\"><strong>Ubacite min\u0111u\u0161u:<\/strong> Provucite iglicu min\u0111u\u0161e kroz probu\u0161enu rupicu kao i kod obi\u010dnih min\u0111u\u0161a.<\/li>\n<li data-sourcepos=\"5:1-5:192\"><strong>Rotirajte min\u0111u\u0161u:<\/strong> Nakon \u0161to je iglica provu\u010dena, ne\u017eno rotirajte min\u0111u\u0161u prema gore, prate\u0107i oblik va\u0161e u\u0161ne \u0161koljke. Neki modeli imaju zakrivljen dizajn koji olak\u0161ava ovo &#8222;penjanje&#8220;.<\/li>\n<li data-sourcepos=\"6:1-7:0\"><strong>U\u010dvrstite:<\/strong> Kada min\u0111u\u0161a udobno le\u017ei uz va\u0161u u\u0161nu \u0161koljku, u\u010dvrstite je sa zadnje strane.<\/li>\n<\/ol>\n<p data-sourcepos=\"8:1-8:24\"><strong>\u00a0\u00a0\u00a0\u00a0\u00a0\u00a0\u00a0 Va\u017eno je napomenuti:<\/strong><\/p>\n<ul data-sourcepos=\"10:1-13:0\">\n<li data-sourcepos=\"10:1-10:181\">Neki modeli penjalica mogu zahtevati vi\u0161e probu\u0161enih rupica du\u017e u\u0161ne \u0161koljke da bi se postigao \u017eeljeni efekat &#8222;penjanja&#8220;. Ako je to slu\u010daj, to \u0107e biti nazna\u010deno prilikom kupovine.<\/li>\n<li data-sourcepos=\"11:1-11:98\">Budite ne\u017eni prilikom stavljanja i skidanja min\u0111u\u0161a kako ne biste o\u0161tetili uvo ili samu min\u0111u\u0161u.<\/li>\n<li data-sourcepos=\"12:1-13:0\">Ako imate bilo kakvih pote\u0161ko\u0107a ili osetite bol, nemojte forsirati. Proverite da li pravilno postavljate min\u0111u\u0161u ili potra\u017eite pomo\u0107.<\/li>\n<\/ul>\n<p data-sourcepos=\"14:1-14:106\">\u00a0\u00a0\u00a0\u00a0\u00a0\u00a0\u00a0 Min\u0111u\u0161e penjalice su popularan i moderan na\u010din da ukrasite u\u0161i, stvaraju\u0107i jedinstven i upe\u010datljiv izgled.<\/p>","protected":false},"excerpt":{"rendered":"<div class=\"info_main product-des-wrap product-des\">\n<div class=\"woocommerce-product-details__short-description\">\n<div class=\"woocommerce-product-details__short-description\">\n<div class=\"woocommerce-product-details__short-description\">\n<div class=\"info_main product-des-wrap product-des\">\n<ul>\n<li><strong>TE\u017dINA<\/strong>: 3,7g<\/li>\n<li><strong>MATERIJAL<\/strong>: SREBRO 925, CIRKON<\/li>\n<li><strong>DU\u017dINA:<\/strong> 3cm<\/li>\n<li>Za razliku od klasi\u010dnih min\u0111u\u0161a, penjalice se ne nose samo u u\u0161noj resici, ve\u0107 se penju uz u\u0161nu \u0161koljku. Ovo stvara iluziju du\u017eeg i elegantnijeg vrata. Cirkoni dodaju dodatni sjaj i eleganciju ovim min\u0111u\u0161ama.<\/li>\n<\/ul>\n<\/div>\n<\/div>\n<\/div>\n<\/div>\n<\/div>","protected":false},"featured_media":12188,"comment_status":"closed","ping_status":"closed","template":"","meta":[],"product_brand":[],"product_cat":[294,226],"product_tag":[254],"class_list":{"0":"post-9827","1":"product","2":"type-product","3":"status-publish","4":"has-post-thumbnail","6":"product_cat-srebrne-mindjuse-srebrne-mindjuse","7":"product_cat-srebrne-mindjuse","8":"product_tag-srebrne-mindjuse","10":"first","11":"instock","12":"shipping-taxable","13":"purchasable","14":"product-type-simple"},"_links":{"self":[{"href":"http:\/\/www.nakitsrebro.rs\/en\/wp-json\/wp\/v2\/product\/9827","targetHints":{"allow":["GET"]}}],"collection":[{"href":"http:\/\/www.nakitsrebro.rs\/en\/wp-json\/wp\/v2\/product"}],"about":[{"href":"http:\/\/www.nakitsrebro.rs\/en\/wp-json\/wp\/v2\/types\/product"}],"replies":[{"embeddable":true,"href":"http:\/\/www.nakitsrebro.rs\/en\/wp-json\/wp\/v2\/comments?post=9827"}],"wp:featuredmedia":[{"embeddable":true,"href":"http:\/\/www.nakitsrebro.rs\/en\/wp-json\/wp\/v2\/media\/12188"}],"wp:attachment":[{"href":"http:\/\/www.nakitsrebro.rs\/en\/wp-json\/wp\/v2\/media?parent=9827"}],"wp:term":[{"taxonomy":"product_brand","embeddable":true,"href":"http:\/\/www.nakitsrebro.rs\/en\/wp-json\/wp\/v2\/product_brand?post=9827"},{"taxonomy":"product_cat","embeddable":true,"href":"http:\/\/www.nakitsrebro.rs\/en\/wp-json\/wp\/v2\/product_cat?post=9827"},{"taxonomy":"product_tag","embeddable":true,"href":"http:\/\/www.nakitsrebro.rs\/en\/wp-json\/wp\/v2\/product_tag?post=9827"}],"curies":[{"name":"wp","href":"https:\/\/api.w.org\/{rel}","templated":true}]}}