{"id":10003,"date":"2024-09-10T15:11:08","date_gmt":"2024-09-10T15:11:08","guid":{"rendered":"https:\/\/www.nakitsrebro.rs\/?post_type=product&#038;p=10003"},"modified":"2025-11-02T14:04:33","modified_gmt":"2025-11-02T14:04:33","slug":"srebrna-ogrlica-za-decu-tresnjica-603","status":"publish","type":"product","link":"https:\/\/www.nakitsrebro.rs\/en\/p\/srebrna-ogrlica-za-decu-tresnjica-603\/","title":{"rendered":"Srebrna ogrlica za decu &#8222;TRE\u0160NJICA&#8220; 603"},"content":{"rendered":"","protected":false},"excerpt":{"rendered":"<div id=\"karakteristike\">\n<ul>\n<li><strong>TE\u017dINA<\/strong>: 2,6g<\/li>\n<li><strong>MATERIJAL<\/strong>: SREBRO 925, EMAJL<\/li>\n<li><strong>DU\u017dINA:<\/strong> 40cm<\/li>\n<li>Ova ogrlica je jednostavna i slatka, savr\u0161ena za devoj\u010dice koje vole vo\u0107e. Sastavljena je od srebrnog lan\u010di\u0107a i priveska u obliku dve tre\u0161nje. Tre\u0161nje su realisti\u010dno prikazane, s crvenim plodovima i zelenim peteljkama. Ovaj dizajn je \u0161armantan i privla\u010dan, a ujedno je i vrlo moderan.<\/li>\n<\/ul>\n<\/div>","protected":false},"featured_media":10004,"comment_status":"closed","ping_status":"closed","template":"","meta":[],"product_brand":[],"product_cat":[233],"product_tag":[256],"class_list":{"0":"post-10003","1":"product","2":"type-product","3":"status-publish","4":"has-post-thumbnail","6":"product_cat-narukvice-i-ogrlice","7":"product_tag-nakit-za-decu","9":"first","10":"outofstock","11":"shipping-taxable","12":"purchasable","13":"product-type-simple"},"_links":{"self":[{"href":"https:\/\/www.nakitsrebro.rs\/en\/wp-json\/wp\/v2\/product\/10003","targetHints":{"allow":["GET"]}}],"collection":[{"href":"https:\/\/www.nakitsrebro.rs\/en\/wp-json\/wp\/v2\/product"}],"about":[{"href":"https:\/\/www.nakitsrebro.rs\/en\/wp-json\/wp\/v2\/types\/product"}],"replies":[{"embeddable":true,"href":"https:\/\/www.nakitsrebro.rs\/en\/wp-json\/wp\/v2\/comments?post=10003"}],"wp:featuredmedia":[{"embeddable":true,"href":"https:\/\/www.nakitsrebro.rs\/en\/wp-json\/wp\/v2\/media\/10004"}],"wp:attachment":[{"href":"https:\/\/www.nakitsrebro.rs\/en\/wp-json\/wp\/v2\/media?parent=10003"}],"wp:term":[{"taxonomy":"product_brand","embeddable":true,"href":"https:\/\/www.nakitsrebro.rs\/en\/wp-json\/wp\/v2\/product_brand?post=10003"},{"taxonomy":"product_cat","embeddable":true,"href":"https:\/\/www.nakitsrebro.rs\/en\/wp-json\/wp\/v2\/product_cat?post=10003"},{"taxonomy":"product_tag","embeddable":true,"href":"https:\/\/www.nakitsrebro.rs\/en\/wp-json\/wp\/v2\/product_tag?post=10003"}],"curies":[{"name":"wp","href":"https:\/\/api.w.org\/{rel}","templated":true}]}}