{"id":10050,"date":"2024-09-11T13:49:39","date_gmt":"2024-09-11T13:49:39","guid":{"rendered":"https:\/\/www.nakitsrebro.rs\/?post_type=product&#038;p=10050"},"modified":"2025-11-02T14:04:31","modified_gmt":"2025-11-02T14:04:31","slug":"srebrni-prsten-crystal-604","status":"publish","type":"product","link":"https:\/\/www.nakitsrebro.rs\/en\/p\/srebrni-prsten-crystal-604\/","title":{"rendered":"Srebrni prsten &#8220; CRYSTAL&#8220; 604"},"content":{"rendered":"","protected":false},"excerpt":{"rendered":"<div class=\"woocommerce-product-details__short-description\">\n<ul>\n<li><strong>TE\u017dINA<\/strong>: 2,9g<\/li>\n<li><strong>PRE\u010cNIK<\/strong>: 17,5mm<\/li>\n<li><strong>MATERIJAL<\/strong>: SREBRO 925, STAKLO<\/li>\n<li><strong>Prsten je izra\u0111en od srebra<\/strong> i ima <strong>elegantan, minimalisti\u010dki dizajn<\/strong>. Ono \u0161to ga \u010dini posebnim jeste <strong>niz duguljastih kristala<\/strong> koji se prote\u017eu du\u017e gornje povr\u0161ine prstena. Kristali su postavljeni blizu jedan drugome, stvaraju\u0107i <strong>sjajan i privla\u010dan efekat<\/strong>. Prsten je srednje \u0161irine, \u0161to ga \u010dini pogodnim za svakodnevno no\u0161enje.<\/li>\n<\/ul>\n<\/div>","protected":false},"featured_media":10051,"comment_status":"closed","ping_status":"closed","template":"","meta":[],"product_brand":[],"product_cat":[225],"product_tag":[252],"class_list":{"0":"post-10050","1":"product","2":"type-product","3":"status-publish","4":"has-post-thumbnail","6":"product_cat-srebrno-prstenje","7":"product_tag-srebrni-prsten","9":"first","10":"outofstock","11":"shipping-taxable","12":"purchasable","13":"product-type-simple"},"_links":{"self":[{"href":"https:\/\/www.nakitsrebro.rs\/en\/wp-json\/wp\/v2\/product\/10050","targetHints":{"allow":["GET"]}}],"collection":[{"href":"https:\/\/www.nakitsrebro.rs\/en\/wp-json\/wp\/v2\/product"}],"about":[{"href":"https:\/\/www.nakitsrebro.rs\/en\/wp-json\/wp\/v2\/types\/product"}],"replies":[{"embeddable":true,"href":"https:\/\/www.nakitsrebro.rs\/en\/wp-json\/wp\/v2\/comments?post=10050"}],"wp:featuredmedia":[{"embeddable":true,"href":"https:\/\/www.nakitsrebro.rs\/en\/wp-json\/wp\/v2\/media\/10051"}],"wp:attachment":[{"href":"https:\/\/www.nakitsrebro.rs\/en\/wp-json\/wp\/v2\/media?parent=10050"}],"wp:term":[{"taxonomy":"product_brand","embeddable":true,"href":"https:\/\/www.nakitsrebro.rs\/en\/wp-json\/wp\/v2\/product_brand?post=10050"},{"taxonomy":"product_cat","embeddable":true,"href":"https:\/\/www.nakitsrebro.rs\/en\/wp-json\/wp\/v2\/product_cat?post=10050"},{"taxonomy":"product_tag","embeddable":true,"href":"https:\/\/www.nakitsrebro.rs\/en\/wp-json\/wp\/v2\/product_tag?post=10050"}],"curies":[{"name":"wp","href":"https:\/\/api.w.org\/{rel}","templated":true}]}}