{"id":10063,"date":"2024-09-11T16:04:44","date_gmt":"2024-09-11T16:04:44","guid":{"rendered":"https:\/\/www.nakitsrebro.rs\/?post_type=product&#038;p=10063"},"modified":"2025-11-02T14:04:31","modified_gmt":"2025-11-02T14:04:31","slug":"srebrni-prsten-kvarc-711","status":"publish","type":"product","link":"https:\/\/www.nakitsrebro.rs\/en\/p\/srebrni-prsten-kvarc-711\/","title":{"rendered":"Srebrni prsten &#8222;KVARC&#8220; 711"},"content":{"rendered":"<p>Ovo je prekrasan prsten koji \u0107e sigurno privu\u0107i pa\u017enju. Njegova \u017eivopisna boja i elegantan dizajn \u010dine ga savr\u0161enim dodatkom za svaku kolekciju nakita.<\/p>","protected":false},"excerpt":{"rendered":"<div class=\"woocommerce-product-details__short-description\">\n<ul>\n<li><strong>TE\u017dINA<\/strong>: 3,4g<\/li>\n<li><strong>PRE\u010cNIK<\/strong>: 18,5mm<\/li>\n<li><strong>MATERIJAL<\/strong>: SREBRO 925, RODIJUM, KVARC, CIRKON<\/li>\n<li>Prsten je izra\u0111en od srebra, \u0161to mu daje elegantan i plemenit izgled. Srebrna podloga je presvu\u010dena rodijumom, \u0161to prstenu daje dodatni sjaj i \u010dini ga otpornijim na oksidaciju. Kamenje koje je kori\u0161teno za izradu ovog prstena su cirkoni i kvarc. Cirkoni su sinteti\u010dki kamen\u010di\u0107i koji vrlo dobro imitiraju dijamante. U ovom prstenu se koristi kvarc u boji kako bi se postigla \u017eeljena nijansa.<\/li>\n<\/ul>\n<\/div>","protected":false},"featured_media":10064,"comment_status":"closed","ping_status":"closed","template":"","meta":[],"product_brand":[],"product_cat":[225],"product_tag":[252],"class_list":{"0":"post-10063","1":"product","2":"type-product","3":"status-publish","4":"has-post-thumbnail","6":"product_cat-srebrno-prstenje","7":"product_tag-srebrni-prsten","9":"first","10":"instock","11":"shipping-taxable","12":"purchasable","13":"product-type-simple"},"_links":{"self":[{"href":"https:\/\/www.nakitsrebro.rs\/en\/wp-json\/wp\/v2\/product\/10063","targetHints":{"allow":["GET"]}}],"collection":[{"href":"https:\/\/www.nakitsrebro.rs\/en\/wp-json\/wp\/v2\/product"}],"about":[{"href":"https:\/\/www.nakitsrebro.rs\/en\/wp-json\/wp\/v2\/types\/product"}],"replies":[{"embeddable":true,"href":"https:\/\/www.nakitsrebro.rs\/en\/wp-json\/wp\/v2\/comments?post=10063"}],"wp:featuredmedia":[{"embeddable":true,"href":"https:\/\/www.nakitsrebro.rs\/en\/wp-json\/wp\/v2\/media\/10064"}],"wp:attachment":[{"href":"https:\/\/www.nakitsrebro.rs\/en\/wp-json\/wp\/v2\/media?parent=10063"}],"wp:term":[{"taxonomy":"product_brand","embeddable":true,"href":"https:\/\/www.nakitsrebro.rs\/en\/wp-json\/wp\/v2\/product_brand?post=10063"},{"taxonomy":"product_cat","embeddable":true,"href":"https:\/\/www.nakitsrebro.rs\/en\/wp-json\/wp\/v2\/product_cat?post=10063"},{"taxonomy":"product_tag","embeddable":true,"href":"https:\/\/www.nakitsrebro.rs\/en\/wp-json\/wp\/v2\/product_tag?post=10063"}],"curies":[{"name":"wp","href":"https:\/\/api.w.org\/{rel}","templated":true}]}}