{"id":10071,"date":"2024-09-11T16:21:19","date_gmt":"2024-09-11T16:21:19","guid":{"rendered":"https:\/\/www.nakitsrebro.rs\/?post_type=product&#038;p=10071"},"modified":"2025-11-02T14:04:31","modified_gmt":"2025-11-02T14:04:31","slug":"srebrni-prsten-cirkon-706","status":"publish","type":"product","link":"https:\/\/www.nakitsrebro.rs\/en\/p\/srebrni-prsten-cirkon-706\/","title":{"rendered":"Srebrni prsten &#8222;SRCE&#8220; 708"},"content":{"rendered":"","protected":false},"excerpt":{"rendered":"<div class=\"woocommerce-product-details__short-description\">\n<ul>\n<li><strong>TE\u017dINA<\/strong>: 2,9g<\/li>\n<li><strong>PRE\u010cNIK<\/strong>: 17,5mm<\/li>\n<li><strong>MATERIJAL<\/strong>: SREBRO 925, RODIJUM, CIRKON.<\/li>\n<li>Dominantan element prstena je cirkon\u00a0 u obliku srca koji je postavljen u centralnom delu. Krug prstena je tanak i\u00a0 ukra\u0161en manjim cirkonima koji su postavljeni sa obe strane. Srebrna podloga je presvu\u010dena rodijumom, \u0161to prstenu daje dodatni sjaj i \u010dini ga otpornijim na oksidaciju.<\/li>\n<\/ul>\n<\/div>","protected":false},"featured_media":10076,"comment_status":"closed","ping_status":"closed","template":"","meta":[],"product_brand":[],"product_cat":[225],"product_tag":[252],"class_list":{"0":"post-10071","1":"product","2":"type-product","3":"status-publish","4":"has-post-thumbnail","6":"product_cat-srebrno-prstenje","7":"product_tag-srebrni-prsten","9":"first","10":"instock","11":"shipping-taxable","12":"purchasable","13":"product-type-simple"},"_links":{"self":[{"href":"https:\/\/www.nakitsrebro.rs\/en\/wp-json\/wp\/v2\/product\/10071","targetHints":{"allow":["GET"]}}],"collection":[{"href":"https:\/\/www.nakitsrebro.rs\/en\/wp-json\/wp\/v2\/product"}],"about":[{"href":"https:\/\/www.nakitsrebro.rs\/en\/wp-json\/wp\/v2\/types\/product"}],"replies":[{"embeddable":true,"href":"https:\/\/www.nakitsrebro.rs\/en\/wp-json\/wp\/v2\/comments?post=10071"}],"wp:featuredmedia":[{"embeddable":true,"href":"https:\/\/www.nakitsrebro.rs\/en\/wp-json\/wp\/v2\/media\/10076"}],"wp:attachment":[{"href":"https:\/\/www.nakitsrebro.rs\/en\/wp-json\/wp\/v2\/media?parent=10071"}],"wp:term":[{"taxonomy":"product_brand","embeddable":true,"href":"https:\/\/www.nakitsrebro.rs\/en\/wp-json\/wp\/v2\/product_brand?post=10071"},{"taxonomy":"product_cat","embeddable":true,"href":"https:\/\/www.nakitsrebro.rs\/en\/wp-json\/wp\/v2\/product_cat?post=10071"},{"taxonomy":"product_tag","embeddable":true,"href":"https:\/\/www.nakitsrebro.rs\/en\/wp-json\/wp\/v2\/product_tag?post=10071"}],"curies":[{"name":"wp","href":"https:\/\/api.w.org\/{rel}","templated":true}]}}