{"id":10083,"date":"2024-09-11T16:41:58","date_gmt":"2024-09-11T16:41:58","guid":{"rendered":"https:\/\/www.nakitsrebro.rs\/?post_type=product&#038;p=10083"},"modified":"2025-11-02T14:04:31","modified_gmt":"2025-11-02T14:04:31","slug":"srebrni-prsten-elegant-703","status":"publish","type":"product","link":"https:\/\/www.nakitsrebro.rs\/en\/p\/srebrni-prsten-elegant-703\/","title":{"rendered":"Srebrni prsten &#8222;ELEGANT&#8220; 703"},"content":{"rendered":"","protected":false},"excerpt":{"rendered":"<div class=\"woocommerce-product-details__short-description\">\n<ul>\n<li><strong>TE\u017dINA<\/strong>: 4,1g<\/li>\n<li><strong>PRE\u010cNIK<\/strong>: 16,5mm<\/li>\n<li><strong>MATERIJAL<\/strong>: SREBRO 925, RODIJUM<\/li>\n<li>Prsten ima neobi\u010dan oblik, sa velikom, zaobljenom glavom koja se su\u017eava prema obru\u010du. Glava prstena je glatka i sjajna, daju\u0107i mu moderan i minimalisti\u010dki izgled.<\/li>\n<\/ul>\n<\/div>","protected":false},"featured_media":10084,"comment_status":"closed","ping_status":"closed","template":"","meta":[],"product_brand":[],"product_cat":[225],"product_tag":[252],"class_list":{"0":"post-10083","1":"product","2":"type-product","3":"status-publish","4":"has-post-thumbnail","6":"product_cat-srebrno-prstenje","7":"product_tag-srebrni-prsten","9":"first","10":"instock","11":"shipping-taxable","12":"purchasable","13":"product-type-simple"},"_links":{"self":[{"href":"https:\/\/www.nakitsrebro.rs\/en\/wp-json\/wp\/v2\/product\/10083","targetHints":{"allow":["GET"]}}],"collection":[{"href":"https:\/\/www.nakitsrebro.rs\/en\/wp-json\/wp\/v2\/product"}],"about":[{"href":"https:\/\/www.nakitsrebro.rs\/en\/wp-json\/wp\/v2\/types\/product"}],"replies":[{"embeddable":true,"href":"https:\/\/www.nakitsrebro.rs\/en\/wp-json\/wp\/v2\/comments?post=10083"}],"wp:featuredmedia":[{"embeddable":true,"href":"https:\/\/www.nakitsrebro.rs\/en\/wp-json\/wp\/v2\/media\/10084"}],"wp:attachment":[{"href":"https:\/\/www.nakitsrebro.rs\/en\/wp-json\/wp\/v2\/media?parent=10083"}],"wp:term":[{"taxonomy":"product_brand","embeddable":true,"href":"https:\/\/www.nakitsrebro.rs\/en\/wp-json\/wp\/v2\/product_brand?post=10083"},{"taxonomy":"product_cat","embeddable":true,"href":"https:\/\/www.nakitsrebro.rs\/en\/wp-json\/wp\/v2\/product_cat?post=10083"},{"taxonomy":"product_tag","embeddable":true,"href":"https:\/\/www.nakitsrebro.rs\/en\/wp-json\/wp\/v2\/product_tag?post=10083"}],"curies":[{"name":"wp","href":"https:\/\/api.w.org\/{rel}","templated":true}]}}