{"id":10087,"date":"2024-09-11T16:48:35","date_gmt":"2024-09-11T16:48:35","guid":{"rendered":"https:\/\/www.nakitsrebro.rs\/?post_type=product&#038;p=10087"},"modified":"2025-11-02T14:04:30","modified_gmt":"2025-11-02T14:04:30","slug":"srebrni-prsten-cvet-600","status":"publish","type":"product","link":"https:\/\/www.nakitsrebro.rs\/en\/p\/srebrni-prsten-cvet-600\/","title":{"rendered":"Srebrni prsten &#8222;CVET&#8220; 600"},"content":{"rendered":"","protected":false},"excerpt":{"rendered":"<div class=\"woocommerce-product-details__short-description\">\n<ul>\n<li><strong>TE\u017dINA<\/strong>: 3,7g<\/li>\n<li><strong>PRE\u010cNIK<\/strong>: 17,5mm<\/li>\n<li><strong>MATERIJAL<\/strong>: SREBRO 925, CIRKON<\/li>\n<li>Centralni deo prstena \u010dine tri stilizovana cveta, svaki u razli\u010ditoj boji. Ovaj dizajn stvara dinami\u010dan i zanimljiv izgled. Cvetovi su ukra\u0161eni kamen\u010di\u0107ima u tri razli\u010dite boje: zelenoj, roze i crvenoj. Obru\u010d prstena je tanak i elegantan, \u0161to doprinosi sveukupnom \u017eenstvenom izgledu prstena.<\/li>\n<\/ul>\n<\/div>","protected":false},"featured_media":10088,"comment_status":"closed","ping_status":"closed","template":"","meta":[],"product_brand":[],"product_cat":[225],"product_tag":[252],"class_list":{"0":"post-10087","1":"product","2":"type-product","3":"status-publish","4":"has-post-thumbnail","6":"product_cat-srebrno-prstenje","7":"product_tag-srebrni-prsten","9":"first","10":"instock","11":"shipping-taxable","12":"purchasable","13":"product-type-simple"},"_links":{"self":[{"href":"https:\/\/www.nakitsrebro.rs\/en\/wp-json\/wp\/v2\/product\/10087","targetHints":{"allow":["GET"]}}],"collection":[{"href":"https:\/\/www.nakitsrebro.rs\/en\/wp-json\/wp\/v2\/product"}],"about":[{"href":"https:\/\/www.nakitsrebro.rs\/en\/wp-json\/wp\/v2\/types\/product"}],"replies":[{"embeddable":true,"href":"https:\/\/www.nakitsrebro.rs\/en\/wp-json\/wp\/v2\/comments?post=10087"}],"wp:featuredmedia":[{"embeddable":true,"href":"https:\/\/www.nakitsrebro.rs\/en\/wp-json\/wp\/v2\/media\/10088"}],"wp:attachment":[{"href":"https:\/\/www.nakitsrebro.rs\/en\/wp-json\/wp\/v2\/media?parent=10087"}],"wp:term":[{"taxonomy":"product_brand","embeddable":true,"href":"https:\/\/www.nakitsrebro.rs\/en\/wp-json\/wp\/v2\/product_brand?post=10087"},{"taxonomy":"product_cat","embeddable":true,"href":"https:\/\/www.nakitsrebro.rs\/en\/wp-json\/wp\/v2\/product_cat?post=10087"},{"taxonomy":"product_tag","embeddable":true,"href":"https:\/\/www.nakitsrebro.rs\/en\/wp-json\/wp\/v2\/product_tag?post=10087"}],"curies":[{"name":"wp","href":"https:\/\/api.w.org\/{rel}","templated":true}]}}