{"id":10211,"date":"2024-09-18T16:25:06","date_gmt":"2024-09-18T16:25:06","guid":{"rendered":"https:\/\/www.nakitsrebro.rs\/?post_type=product&#038;p=10211"},"modified":"2025-12-22T09:49:53","modified_gmt":"2025-12-22T09:49:53","slug":"srebrna-nanogica-srce-603","status":"publish","type":"product","link":"https:\/\/www.nakitsrebro.rs\/en\/p\/srebrna-nanogica-srce-603\/","title":{"rendered":"Srebrna nanogica &#8222;SRCE&#8220; 603"},"content":{"rendered":"<p>***No\u0161enje no\u017enih narukvica (nanogica) postalo je pravi modni hit me\u0111u \u017eenama. Prvenstveno su ukra\u0161avale noge \u017eena i devojaka iz Indije, a potom je ovaj detalj evoluirao i u mnogim zapadnim zemljama.<\/p>","protected":false},"excerpt":{"rendered":"<div class=\"woocommerce-product-details__short-description\">\n<div class=\"woocommerce-product-details__short-description\">\n<ul>\n<li><strong>Te\u017eina:<\/strong> 4g<\/li>\n<li><strong>Du\u017eina:<\/strong> 22-25cm<\/li>\n<li><strong>Materijal:<\/strong> Srebro 925<\/li>\n<li>Nanogica je ukra\u0161ena nizom malih, glatkih srca koja su povezana tankim lan\u010di\u0107em. Ovaj dizajn je veoma \u017eenstven i romanti\u010dan, a istovremeno i moderan.<\/li>\n<\/ul>\n<\/div>\n<\/div>","protected":false},"featured_media":10213,"comment_status":"closed","ping_status":"closed","template":"","meta":[],"product_brand":[],"product_cat":[234],"product_tag":[259],"class_list":{"0":"post-10211","1":"product","2":"type-product","3":"status-publish","4":"has-post-thumbnail","6":"product_cat-srebrne-nanogice","7":"product_tag-srebrna-nanogica","9":"first","10":"outofstock","11":"shipping-taxable","12":"purchasable","13":"product-type-simple"},"_links":{"self":[{"href":"https:\/\/www.nakitsrebro.rs\/en\/wp-json\/wp\/v2\/product\/10211","targetHints":{"allow":["GET"]}}],"collection":[{"href":"https:\/\/www.nakitsrebro.rs\/en\/wp-json\/wp\/v2\/product"}],"about":[{"href":"https:\/\/www.nakitsrebro.rs\/en\/wp-json\/wp\/v2\/types\/product"}],"replies":[{"embeddable":true,"href":"https:\/\/www.nakitsrebro.rs\/en\/wp-json\/wp\/v2\/comments?post=10211"}],"wp:featuredmedia":[{"embeddable":true,"href":"https:\/\/www.nakitsrebro.rs\/en\/wp-json\/wp\/v2\/media\/10213"}],"wp:attachment":[{"href":"https:\/\/www.nakitsrebro.rs\/en\/wp-json\/wp\/v2\/media?parent=10211"}],"wp:term":[{"taxonomy":"product_brand","embeddable":true,"href":"https:\/\/www.nakitsrebro.rs\/en\/wp-json\/wp\/v2\/product_brand?post=10211"},{"taxonomy":"product_cat","embeddable":true,"href":"https:\/\/www.nakitsrebro.rs\/en\/wp-json\/wp\/v2\/product_cat?post=10211"},{"taxonomy":"product_tag","embeddable":true,"href":"https:\/\/www.nakitsrebro.rs\/en\/wp-json\/wp\/v2\/product_tag?post=10211"}],"curies":[{"name":"wp","href":"https:\/\/api.w.org\/{rel}","templated":true}]}}