{"id":10224,"date":"2024-09-18T16:40:30","date_gmt":"2024-09-18T16:40:30","guid":{"rendered":"https:\/\/www.nakitsrebro.rs\/?post_type=product&#038;p=10224"},"modified":"2025-11-02T14:04:27","modified_gmt":"2025-11-02T14:04:27","slug":"srebrna-nanogica-kuglice-705","status":"publish","type":"product","link":"https:\/\/www.nakitsrebro.rs\/en\/p\/srebrna-nanogica-kuglice-705\/","title":{"rendered":"Srebrna nanogica &#8220; KUGLICE&#8220; 705"},"content":{"rendered":"<p>***No\u0161enje no\u017enih narukvica (nanogica) postalo je pravi modni hit me\u0111u \u017eenama. Prvenstveno su ukra\u0161avale noge \u017eena i devojaka iz Indije, a potom je ovaj detalj evoluirao i u mnogim zapadnim zemljama.<\/p>","protected":false},"excerpt":{"rendered":"<div class=\"woocommerce-product-details__short-description\">\n<div class=\"woocommerce-product-details__short-description\">\n<ul>\n<li><strong>Te\u017eina:<\/strong> 1,7g<\/li>\n<li><strong>Du\u017eina:<\/strong> 22-25cm<\/li>\n<li><strong>Materijal:<\/strong> Srebro 925<\/li>\n<li>Ova srebrna nanogica je elegantan i jednostavan komad nakita koji \u0107e upotpuniti svaku letnju kombinaciju. Ukra\u0161ena je kombinacijom malih, sjajnih kuglica.<\/li>\n<\/ul>\n<\/div>\n<\/div>","protected":false},"featured_media":10225,"comment_status":"closed","ping_status":"closed","template":"","meta":[],"product_brand":[],"product_cat":[234],"product_tag":[259],"class_list":{"0":"post-10224","1":"product","2":"type-product","3":"status-publish","4":"has-post-thumbnail","6":"product_cat-srebrne-nanogice","7":"product_tag-srebrna-nanogica","9":"first","10":"outofstock","11":"shipping-taxable","12":"purchasable","13":"product-type-simple"},"_links":{"self":[{"href":"https:\/\/www.nakitsrebro.rs\/en\/wp-json\/wp\/v2\/product\/10224","targetHints":{"allow":["GET"]}}],"collection":[{"href":"https:\/\/www.nakitsrebro.rs\/en\/wp-json\/wp\/v2\/product"}],"about":[{"href":"https:\/\/www.nakitsrebro.rs\/en\/wp-json\/wp\/v2\/types\/product"}],"replies":[{"embeddable":true,"href":"https:\/\/www.nakitsrebro.rs\/en\/wp-json\/wp\/v2\/comments?post=10224"}],"wp:featuredmedia":[{"embeddable":true,"href":"https:\/\/www.nakitsrebro.rs\/en\/wp-json\/wp\/v2\/media\/10225"}],"wp:attachment":[{"href":"https:\/\/www.nakitsrebro.rs\/en\/wp-json\/wp\/v2\/media?parent=10224"}],"wp:term":[{"taxonomy":"product_brand","embeddable":true,"href":"https:\/\/www.nakitsrebro.rs\/en\/wp-json\/wp\/v2\/product_brand?post=10224"},{"taxonomy":"product_cat","embeddable":true,"href":"https:\/\/www.nakitsrebro.rs\/en\/wp-json\/wp\/v2\/product_cat?post=10224"},{"taxonomy":"product_tag","embeddable":true,"href":"https:\/\/www.nakitsrebro.rs\/en\/wp-json\/wp\/v2\/product_tag?post=10224"}],"curies":[{"name":"wp","href":"https:\/\/api.w.org\/{rel}","templated":true}]}}