{"id":10340,"date":"2024-09-25T09:06:29","date_gmt":"2024-09-25T09:06:29","guid":{"rendered":"https:\/\/www.nakitsrebro.rs\/?post_type=product&#038;p=10340"},"modified":"2025-11-02T14:04:25","modified_gmt":"2025-11-02T14:04:25","slug":"srebrna-ogrlica-drvo-zivota-1011","status":"publish","type":"product","link":"https:\/\/www.nakitsrebro.rs\/en\/p\/srebrna-ogrlica-drvo-zivota-1011\/","title":{"rendered":"Srebrna ogrlica \u201eDRVO \u017dIVOTA\u201c 1011"},"content":{"rendered":"","protected":false},"excerpt":{"rendered":"<ul>\n<li><strong>TE\u017dINA<\/strong>: 2g<\/li>\n<li><strong>DU\u017dINA<\/strong>: 41-45cm<\/li>\n<li><strong>MATERIJAL: <\/strong>SREBRO 925<\/li>\n<li>Ova srebrna ogrlica ima jednostavan, ali elegantan dizajn koji predstavlja drvo \u017eivota. Sastoji se od tankog srebrnog lan\u010di\u0107a i okruglog priveska. Privezak je pre\u010dnika 1,8cm. Ovaj tip ogrlice je vrlo popularan i mo\u017ee se nositi uz razli\u010dite stilove ode\u0107e.<\/li>\n<\/ul>","protected":false},"featured_media":10341,"comment_status":"closed","ping_status":"closed","template":"","meta":[],"product_brand":[],"product_cat":[229],"product_tag":[261],"class_list":{"0":"post-10340","1":"product","2":"type-product","3":"status-publish","4":"has-post-thumbnail","6":"product_cat-srebrne-ogrlice","7":"product_tag-srebrna-ogrlica","9":"first","10":"outofstock","11":"shipping-taxable","12":"purchasable","13":"product-type-simple"},"_links":{"self":[{"href":"https:\/\/www.nakitsrebro.rs\/en\/wp-json\/wp\/v2\/product\/10340","targetHints":{"allow":["GET"]}}],"collection":[{"href":"https:\/\/www.nakitsrebro.rs\/en\/wp-json\/wp\/v2\/product"}],"about":[{"href":"https:\/\/www.nakitsrebro.rs\/en\/wp-json\/wp\/v2\/types\/product"}],"replies":[{"embeddable":true,"href":"https:\/\/www.nakitsrebro.rs\/en\/wp-json\/wp\/v2\/comments?post=10340"}],"wp:featuredmedia":[{"embeddable":true,"href":"https:\/\/www.nakitsrebro.rs\/en\/wp-json\/wp\/v2\/media\/10341"}],"wp:attachment":[{"href":"https:\/\/www.nakitsrebro.rs\/en\/wp-json\/wp\/v2\/media?parent=10340"}],"wp:term":[{"taxonomy":"product_brand","embeddable":true,"href":"https:\/\/www.nakitsrebro.rs\/en\/wp-json\/wp\/v2\/product_brand?post=10340"},{"taxonomy":"product_cat","embeddable":true,"href":"https:\/\/www.nakitsrebro.rs\/en\/wp-json\/wp\/v2\/product_cat?post=10340"},{"taxonomy":"product_tag","embeddable":true,"href":"https:\/\/www.nakitsrebro.rs\/en\/wp-json\/wp\/v2\/product_tag?post=10340"}],"curies":[{"name":"wp","href":"https:\/\/api.w.org\/{rel}","templated":true}]}}