{"id":10352,"date":"2024-09-25T12:46:29","date_gmt":"2024-09-25T12:46:29","guid":{"rendered":"https:\/\/www.nakitsrebro.rs\/?post_type=product&#038;p=10352"},"modified":"2025-12-03T18:25:15","modified_gmt":"2025-12-03T18:25:15","slug":"srebrna-ogrlica-avion-1005","status":"publish","type":"product","link":"https:\/\/www.nakitsrebro.rs\/en\/p\/srebrna-ogrlica-avion-1005\/","title":{"rendered":"Srebrna ogrlica \u201eAVION\u201c 1005"},"content":{"rendered":"<ul>\n<li data-path-to-node=\"5,0,0\"><b>Te\u017eina:<\/b> 2 g<\/li>\n<li data-path-to-node=\"5,1,0\"><b>Du\u017eina:<\/b> 43 \u2013 48 cm (podesiva du\u017eina)<\/li>\n<li data-path-to-node=\"5,2,0\"><b>Materijal:<\/b> Srebro 925<\/li>\n<li data-path-to-node=\"5,3,0\"><b>Obrada:<\/b> Rodijum (visoki sjaj, za\u0161tita od tamnjenja)<\/li>\n<li data-path-to-node=\"5,4,0\"><b>Kop\u010da:<\/b> Alka<\/li>\n<li data-path-to-node=\"5,5,0\"><b>Motiv:<\/b> Avion<\/li>\n<li data-path-to-node=\"5,5,0\">\n<p data-path-to-node=\"8\">Ova ogrlica je idealan izbor za sanjare i svetske putnike. Centralni detalj je elegantno oblikovan <b>privezak u formi aviona<\/b>, koji simbolizuje slobodu, istra\u017eivanje i ljubav prema novim destinacijama.<\/p>\n<p data-path-to-node=\"9\">Dizajn je diskretan i moderan, pa se lako uklapa u svakodnevne odevne kombinacije. Izra\u0111ena je od kvalitetnog srebra presvu\u010denog <b>rodijumom<\/b>, \u0161to joj daje blistavost belog zlata i \u0161titi je od ogrebotina i tamnjenja.<\/p>\n<p data-path-to-node=\"10\">Zahvaljuju\u0107i lan\u010di\u0107u za produ\u017eetak, du\u017eina ogrlice se mo\u017ee pode\u0161avati od 43 do 48 cm, omogu\u0107avaju\u0107i savr\u0161eno pristajanje. Ovo je predivan poklon za stjuardese, pilote, ili dragu osobu kojoj \u017eelite sre\u0107an put i siguran povratak.<\/p>\n<\/li>\n<\/ul>","protected":false},"excerpt":{"rendered":"<p>Minimalisti\u010dka i \u0161ik ogrlica od srebra 925 sa rodijumskom za\u0161titom. Krasi je stilizovani privezak u obliku aviona, \u0161to je \u010dini savr\u0161enim aksesoarom za sve ljubitelje putovanja i avantura.<\/p>","protected":false},"featured_media":11006,"comment_status":"closed","ping_status":"closed","template":"","meta":[],"product_brand":[],"product_cat":[229],"product_tag":[261],"class_list":{"0":"post-10352","1":"product","2":"type-product","3":"status-publish","4":"has-post-thumbnail","6":"product_cat-srebrne-ogrlice","7":"product_tag-srebrna-ogrlica","9":"first","10":"instock","11":"shipping-taxable","12":"purchasable","13":"product-type-simple"},"_links":{"self":[{"href":"https:\/\/www.nakitsrebro.rs\/en\/wp-json\/wp\/v2\/product\/10352","targetHints":{"allow":["GET"]}}],"collection":[{"href":"https:\/\/www.nakitsrebro.rs\/en\/wp-json\/wp\/v2\/product"}],"about":[{"href":"https:\/\/www.nakitsrebro.rs\/en\/wp-json\/wp\/v2\/types\/product"}],"replies":[{"embeddable":true,"href":"https:\/\/www.nakitsrebro.rs\/en\/wp-json\/wp\/v2\/comments?post=10352"}],"wp:featuredmedia":[{"embeddable":true,"href":"https:\/\/www.nakitsrebro.rs\/en\/wp-json\/wp\/v2\/media\/11006"}],"wp:attachment":[{"href":"https:\/\/www.nakitsrebro.rs\/en\/wp-json\/wp\/v2\/media?parent=10352"}],"wp:term":[{"taxonomy":"product_brand","embeddable":true,"href":"https:\/\/www.nakitsrebro.rs\/en\/wp-json\/wp\/v2\/product_brand?post=10352"},{"taxonomy":"product_cat","embeddable":true,"href":"https:\/\/www.nakitsrebro.rs\/en\/wp-json\/wp\/v2\/product_cat?post=10352"},{"taxonomy":"product_tag","embeddable":true,"href":"https:\/\/www.nakitsrebro.rs\/en\/wp-json\/wp\/v2\/product_tag?post=10352"}],"curies":[{"name":"wp","href":"https:\/\/api.w.org\/{rel}","templated":true}]}}