{"id":10399,"date":"2024-09-25T14:39:17","date_gmt":"2024-09-25T14:39:17","guid":{"rendered":"https:\/\/www.nakitsrebro.rs\/?post_type=product&#038;p=10399"},"modified":"2025-11-02T14:04:24","modified_gmt":"2025-11-02T14:04:24","slug":"srebrna-ogrlica-stanc-204","status":"publish","type":"product","link":"https:\/\/www.nakitsrebro.rs\/en\/p\/srebrna-ogrlica-stanc-204\/","title":{"rendered":"Srebrna ogrlica \u201e\u0160TANC\u201c 204"},"content":{"rendered":"","protected":false},"excerpt":{"rendered":"<ul>\n<li><strong>TE\u017dINA<\/strong>: 8g<\/li>\n<li><strong>DU\u017dINA<\/strong>: 45cm<\/li>\n<li><strong>MATERIJAL: <\/strong>SREBRO 925<\/li>\n<li>Ova ogrlica ima elegantan i moderan dizajn. Izra\u0111ena je od srebra, \u0161to joj daje prepoznatljiv sjaj i trajnost. Lan\u010di\u0107 je napravljen od niza pravougaonih karika koje su blago gravirane, \u0161to dodaje zanimljiv detalj. Ovakav tip lan\u010di\u0107a je vrlo popularan.<\/li>\n<\/ul>","protected":false},"featured_media":10400,"comment_status":"closed","ping_status":"closed","template":"","meta":[],"product_brand":[],"product_cat":[229],"product_tag":[261],"class_list":{"0":"post-10399","1":"product","2":"type-product","3":"status-publish","4":"has-post-thumbnail","6":"product_cat-srebrne-ogrlice","7":"product_tag-srebrna-ogrlica","9":"first","10":"outofstock","11":"shipping-taxable","12":"purchasable","13":"product-type-simple"},"_links":{"self":[{"href":"https:\/\/www.nakitsrebro.rs\/en\/wp-json\/wp\/v2\/product\/10399","targetHints":{"allow":["GET"]}}],"collection":[{"href":"https:\/\/www.nakitsrebro.rs\/en\/wp-json\/wp\/v2\/product"}],"about":[{"href":"https:\/\/www.nakitsrebro.rs\/en\/wp-json\/wp\/v2\/types\/product"}],"replies":[{"embeddable":true,"href":"https:\/\/www.nakitsrebro.rs\/en\/wp-json\/wp\/v2\/comments?post=10399"}],"wp:featuredmedia":[{"embeddable":true,"href":"https:\/\/www.nakitsrebro.rs\/en\/wp-json\/wp\/v2\/media\/10400"}],"wp:attachment":[{"href":"https:\/\/www.nakitsrebro.rs\/en\/wp-json\/wp\/v2\/media?parent=10399"}],"wp:term":[{"taxonomy":"product_brand","embeddable":true,"href":"https:\/\/www.nakitsrebro.rs\/en\/wp-json\/wp\/v2\/product_brand?post=10399"},{"taxonomy":"product_cat","embeddable":true,"href":"https:\/\/www.nakitsrebro.rs\/en\/wp-json\/wp\/v2\/product_cat?post=10399"},{"taxonomy":"product_tag","embeddable":true,"href":"https:\/\/www.nakitsrebro.rs\/en\/wp-json\/wp\/v2\/product_tag?post=10399"}],"curies":[{"name":"wp","href":"https:\/\/api.w.org\/{rel}","templated":true}]}}