{"id":10415,"date":"2024-09-25T15:40:20","date_gmt":"2024-09-25T15:40:20","guid":{"rendered":"https:\/\/www.nakitsrebro.rs\/?post_type=product&#038;p=10415"},"modified":"2025-11-02T14:04:24","modified_gmt":"2025-11-02T14:04:24","slug":"srebrni-lanac-mariner-203","status":"publish","type":"product","link":"https:\/\/www.nakitsrebro.rs\/en\/p\/srebrni-lanac-mariner-203\/","title":{"rendered":"Srebrni lanac \u201eMARINER\u201c 203"},"content":{"rendered":"","protected":false},"excerpt":{"rendered":"<p><strong>TE\u017dINA: <\/strong>9g<br \/>\n<strong>DU\u017dINA: <\/strong>60cm<br \/>\n<strong>MATERIJAL: <\/strong>SREBRO 925<br \/>\n<strong>\u0160IRINA:<\/strong> 3mm<\/p>\n<p>Ovo je popularni mariner lan\u010di\u0107, prepoznatljiv po ovalnim alkama koje podsje\u0107aju na sidrene lance. Karike su \u010dvrsto povezane, \u0161to daje lan\u010di\u0107u robusan i izdr\u017eljiv izgled. Ovaj srebrni komad nakita koji \u0107e upotpuniti svaku mu\u0161ku kombinaciju.<\/p>\n<p>&nbsp;<\/p>\n<p>&nbsp;<\/p>","protected":false},"featured_media":10416,"comment_status":"closed","ping_status":"closed","template":"","meta":[],"product_brand":[],"product_cat":[230],"product_tag":[260],"class_list":{"0":"post-10415","1":"product","2":"type-product","3":"status-publish","4":"has-post-thumbnail","6":"product_cat-srebrni-lanci","7":"product_tag-srebrni-lanac","9":"first","10":"outofstock","11":"shipping-taxable","12":"purchasable","13":"product-type-simple"},"_links":{"self":[{"href":"https:\/\/www.nakitsrebro.rs\/en\/wp-json\/wp\/v2\/product\/10415","targetHints":{"allow":["GET"]}}],"collection":[{"href":"https:\/\/www.nakitsrebro.rs\/en\/wp-json\/wp\/v2\/product"}],"about":[{"href":"https:\/\/www.nakitsrebro.rs\/en\/wp-json\/wp\/v2\/types\/product"}],"replies":[{"embeddable":true,"href":"https:\/\/www.nakitsrebro.rs\/en\/wp-json\/wp\/v2\/comments?post=10415"}],"wp:featuredmedia":[{"embeddable":true,"href":"https:\/\/www.nakitsrebro.rs\/en\/wp-json\/wp\/v2\/media\/10416"}],"wp:attachment":[{"href":"https:\/\/www.nakitsrebro.rs\/en\/wp-json\/wp\/v2\/media?parent=10415"}],"wp:term":[{"taxonomy":"product_brand","embeddable":true,"href":"https:\/\/www.nakitsrebro.rs\/en\/wp-json\/wp\/v2\/product_brand?post=10415"},{"taxonomy":"product_cat","embeddable":true,"href":"https:\/\/www.nakitsrebro.rs\/en\/wp-json\/wp\/v2\/product_cat?post=10415"},{"taxonomy":"product_tag","embeddable":true,"href":"https:\/\/www.nakitsrebro.rs\/en\/wp-json\/wp\/v2\/product_tag?post=10415"}],"curies":[{"name":"wp","href":"https:\/\/api.w.org\/{rel}","templated":true}]}}