{"id":10419,"date":"2024-09-25T15:52:04","date_gmt":"2024-09-25T15:52:04","guid":{"rendered":"https:\/\/www.nakitsrebro.rs\/?post_type=product&#038;p=10419"},"modified":"2025-11-02T14:04:24","modified_gmt":"2025-11-02T14:04:24","slug":"srebrni-lanac-pancir-402","status":"publish","type":"product","link":"https:\/\/www.nakitsrebro.rs\/en\/p\/srebrni-lanac-pancir-402\/","title":{"rendered":"Srebrni lanac \u201ePANCIR\u201c 402"},"content":{"rendered":"","protected":false},"excerpt":{"rendered":"<p><strong>TE\u017dINA: <\/strong>3,7g<br \/>\n<strong>DU\u017dINA: <\/strong>55cm<br \/>\n<strong>MATERIJAL: <\/strong>SREBRO 925<br \/>\n<strong>\u0160IRINA:<\/strong> 1mm<\/p>\n<p>Ovaj srebrni kubanski lan\u010di\u0107 je elegantan komad nakita. Lan\u010di\u0107 je tanak, \u0161to mu daje suptilan i elegantan izgled.<\/p>\n<p>&nbsp;<\/p>","protected":false},"featured_media":10420,"comment_status":"closed","ping_status":"closed","template":"","meta":[],"product_brand":[],"product_cat":[230],"product_tag":[260],"class_list":{"0":"post-10419","1":"product","2":"type-product","3":"status-publish","4":"has-post-thumbnail","6":"product_cat-srebrni-lanci","7":"product_tag-srebrni-lanac","9":"first","10":"outofstock","11":"shipping-taxable","12":"purchasable","13":"product-type-simple"},"_links":{"self":[{"href":"https:\/\/www.nakitsrebro.rs\/en\/wp-json\/wp\/v2\/product\/10419","targetHints":{"allow":["GET"]}}],"collection":[{"href":"https:\/\/www.nakitsrebro.rs\/en\/wp-json\/wp\/v2\/product"}],"about":[{"href":"https:\/\/www.nakitsrebro.rs\/en\/wp-json\/wp\/v2\/types\/product"}],"replies":[{"embeddable":true,"href":"https:\/\/www.nakitsrebro.rs\/en\/wp-json\/wp\/v2\/comments?post=10419"}],"wp:featuredmedia":[{"embeddable":true,"href":"https:\/\/www.nakitsrebro.rs\/en\/wp-json\/wp\/v2\/media\/10420"}],"wp:attachment":[{"href":"https:\/\/www.nakitsrebro.rs\/en\/wp-json\/wp\/v2\/media?parent=10419"}],"wp:term":[{"taxonomy":"product_brand","embeddable":true,"href":"https:\/\/www.nakitsrebro.rs\/en\/wp-json\/wp\/v2\/product_brand?post=10419"},{"taxonomy":"product_cat","embeddable":true,"href":"https:\/\/www.nakitsrebro.rs\/en\/wp-json\/wp\/v2\/product_cat?post=10419"},{"taxonomy":"product_tag","embeddable":true,"href":"https:\/\/www.nakitsrebro.rs\/en\/wp-json\/wp\/v2\/product_tag?post=10419"}],"curies":[{"name":"wp","href":"https:\/\/api.w.org\/{rel}","templated":true}]}}