{"id":10498,"date":"2024-09-27T10:52:46","date_gmt":"2024-09-27T10:52:46","guid":{"rendered":"https:\/\/www.nakitsrebro.rs\/?post_type=product&#038;p=10498"},"modified":"2025-11-02T14:04:23","modified_gmt":"2025-11-02T14:04:23","slug":"srebrne-mindjuse-pahulje-600","status":"publish","type":"product","link":"https:\/\/www.nakitsrebro.rs\/en\/p\/srebrne-mindjuse-pahulje-600\/","title":{"rendered":"Srebrne mindju\u0161e &#8222;PAHULJE&#8220;  600"},"content":{"rendered":"<p>Ove min\u0111u\u0161e su savr\u0161en izbor za sve one koje vole jednostavan i elegantan stil. Mo\u017eete ih nositi tokom cele godine, ali su posebno pogodne za zimski period. S obzirom na svoj jednostavan dizajn, lako se kombinuju sa drugim komadima nakita. Min\u0111u\u0161e se zatvaraju na klasi\u010dan na\u010din, \u0161to obezbe\u0111uje sigurno no\u0161enje.<\/p>\n<p>SAV NA\u0160 NAKIT MO\u017dETE NARU\u010cITI DIREKTNO NA SAJTU ILI PREKO VIBER-a ,SMS PORUKOM ILI POZIVOM NA BROJ 064\/030 77 77<\/p>","protected":false},"excerpt":{"rendered":"<ul>\n<li><strong>TE\u017dINA:<\/strong> 1,5g<\/li>\n<li><strong>MATERIJAL: <\/strong>SREBRO 925<\/li>\n<li><strong>PRE\u010cNIK: <\/strong>1cm<\/li>\n<\/ul>","protected":false},"featured_media":10499,"comment_status":"closed","ping_status":"closed","template":"","meta":[],"product_brand":[],"product_cat":[297,226],"product_tag":[254],"class_list":{"0":"post-10498","1":"product","2":"type-product","3":"status-publish","4":"has-post-thumbnail","6":"product_cat-srebrne-mindjuse-srebrne-mindjuse-4","7":"product_cat-srebrne-mindjuse","8":"product_tag-srebrne-mindjuse","10":"first","11":"instock","12":"shipping-taxable","13":"purchasable","14":"product-type-simple"},"_links":{"self":[{"href":"https:\/\/www.nakitsrebro.rs\/en\/wp-json\/wp\/v2\/product\/10498","targetHints":{"allow":["GET"]}}],"collection":[{"href":"https:\/\/www.nakitsrebro.rs\/en\/wp-json\/wp\/v2\/product"}],"about":[{"href":"https:\/\/www.nakitsrebro.rs\/en\/wp-json\/wp\/v2\/types\/product"}],"replies":[{"embeddable":true,"href":"https:\/\/www.nakitsrebro.rs\/en\/wp-json\/wp\/v2\/comments?post=10498"}],"wp:featuredmedia":[{"embeddable":true,"href":"https:\/\/www.nakitsrebro.rs\/en\/wp-json\/wp\/v2\/media\/10499"}],"wp:attachment":[{"href":"https:\/\/www.nakitsrebro.rs\/en\/wp-json\/wp\/v2\/media?parent=10498"}],"wp:term":[{"taxonomy":"product_brand","embeddable":true,"href":"https:\/\/www.nakitsrebro.rs\/en\/wp-json\/wp\/v2\/product_brand?post=10498"},{"taxonomy":"product_cat","embeddable":true,"href":"https:\/\/www.nakitsrebro.rs\/en\/wp-json\/wp\/v2\/product_cat?post=10498"},{"taxonomy":"product_tag","embeddable":true,"href":"https:\/\/www.nakitsrebro.rs\/en\/wp-json\/wp\/v2\/product_tag?post=10498"}],"curies":[{"name":"wp","href":"https:\/\/api.w.org\/{rel}","templated":true}]}}