{"id":10520,"date":"2024-09-27T11:37:09","date_gmt":"2024-09-27T11:37:09","guid":{"rendered":"https:\/\/www.nakitsrebro.rs\/?post_type=product&#038;p=10520"},"modified":"2025-11-02T14:04:23","modified_gmt":"2025-11-02T14:04:23","slug":"srebrne-mindjuse-srce-801-2","status":"publish","type":"product","link":"https:\/\/www.nakitsrebro.rs\/en\/p\/srebrne-mindjuse-srce-801-2\/","title":{"rendered":"Srebrne min\u0111u\u0161e \u201eSRCE\u201c 801"},"content":{"rendered":"<p>Ove srebrne min\u0111u\u0161e u obliku srca su predivan i romanti\u010dan komad nakita koji \u0107e upotpuniti svaku odevnu kombinaciju. Njihov jednostavan, ali efektan dizajn \u010dini ih idealnim izborom za svakodnevno no\u0161enje, ali i za posebne prilike.<\/p>","protected":false},"excerpt":{"rendered":"<ul>\n<li><strong>TE\u017dINA<\/strong>: 2,2g<\/li>\n<li><strong>MATERIJAL<\/strong>: SREBRO 925, CIRKON, RODIJUM<\/li>\n<li><strong>DU\u017dINA :<\/strong> 0,9cm<\/li>\n<li><strong>\u0160IRINA: <\/strong>1cm<\/li>\n<li>Povr\u0161ina srca je reljefna, sa radijalnim linijama koje podse\u0107aju na sun\u010deve zrake, \u0161to dodaje zanimljiv vizuelni efekat.<\/li>\n<\/ul>","protected":false},"featured_media":10521,"comment_status":"closed","ping_status":"closed","template":"","meta":[],"product_brand":[],"product_cat":[297,226],"product_tag":[254],"class_list":{"0":"post-10520","1":"product","2":"type-product","3":"status-publish","4":"has-post-thumbnail","6":"product_cat-srebrne-mindjuse-srebrne-mindjuse-4","7":"product_cat-srebrne-mindjuse","8":"product_tag-srebrne-mindjuse","10":"first","11":"outofstock","12":"shipping-taxable","13":"purchasable","14":"product-type-simple"},"_links":{"self":[{"href":"https:\/\/www.nakitsrebro.rs\/en\/wp-json\/wp\/v2\/product\/10520","targetHints":{"allow":["GET"]}}],"collection":[{"href":"https:\/\/www.nakitsrebro.rs\/en\/wp-json\/wp\/v2\/product"}],"about":[{"href":"https:\/\/www.nakitsrebro.rs\/en\/wp-json\/wp\/v2\/types\/product"}],"replies":[{"embeddable":true,"href":"https:\/\/www.nakitsrebro.rs\/en\/wp-json\/wp\/v2\/comments?post=10520"}],"wp:featuredmedia":[{"embeddable":true,"href":"https:\/\/www.nakitsrebro.rs\/en\/wp-json\/wp\/v2\/media\/10521"}],"wp:attachment":[{"href":"https:\/\/www.nakitsrebro.rs\/en\/wp-json\/wp\/v2\/media?parent=10520"}],"wp:term":[{"taxonomy":"product_brand","embeddable":true,"href":"https:\/\/www.nakitsrebro.rs\/en\/wp-json\/wp\/v2\/product_brand?post=10520"},{"taxonomy":"product_cat","embeddable":true,"href":"https:\/\/www.nakitsrebro.rs\/en\/wp-json\/wp\/v2\/product_cat?post=10520"},{"taxonomy":"product_tag","embeddable":true,"href":"https:\/\/www.nakitsrebro.rs\/en\/wp-json\/wp\/v2\/product_tag?post=10520"}],"curies":[{"name":"wp","href":"https:\/\/api.w.org\/{rel}","templated":true}]}}