{"id":10611,"date":"2024-09-28T11:03:48","date_gmt":"2024-09-28T11:03:48","guid":{"rendered":"https:\/\/www.nakitsrebro.rs\/?post_type=product&#038;p=10611"},"modified":"2025-11-02T14:04:22","modified_gmt":"2025-11-02T14:04:22","slug":"srebrne-mindjuse-cirkon-715","status":"publish","type":"product","link":"https:\/\/www.nakitsrebro.rs\/en\/p\/srebrne-mindjuse-cirkon-715\/","title":{"rendered":"Srebrne min\u0111u\u0161e &#8222;CIRKON\u201c 715"},"content":{"rendered":"","protected":false},"excerpt":{"rendered":"<ul>\n<li><strong>TE\u017dINA<\/strong>: 5,2g<\/li>\n<li><strong>MATERIJAL<\/strong>: SREBRO 925, RODIJUM, CIRKON<\/li>\n<li><strong>DU\u017dINA:<\/strong> 1,3cm<\/li>\n<li><strong>\u0160IRINA: <\/strong>0,9cm<\/li>\n<li>Ove srebrne min\u0111u\u0161e s velikim \u010detvrtastim kamenom i manjim cirkonima su prelep komad nakita koji \u0107e upotpuniti svaku sve\u010danu priliku. Njihov elegantan dizajn i visokokvalitetni materijali \u010dine ih odli\u010dnim izborom za poklon ili za sebe.<\/li>\n<\/ul>","protected":false},"featured_media":10612,"comment_status":"closed","ping_status":"closed","template":"","meta":[],"product_brand":[],"product_cat":[296,226],"product_tag":[254],"class_list":{"0":"post-10611","1":"product","2":"type-product","3":"status-publish","4":"has-post-thumbnail","6":"product_cat-srebrne-mindjuse-srebrne-mindjuse-3","7":"product_cat-srebrne-mindjuse","8":"product_tag-srebrne-mindjuse","10":"first","11":"instock","12":"shipping-taxable","13":"purchasable","14":"product-type-simple"},"_links":{"self":[{"href":"https:\/\/www.nakitsrebro.rs\/en\/wp-json\/wp\/v2\/product\/10611","targetHints":{"allow":["GET"]}}],"collection":[{"href":"https:\/\/www.nakitsrebro.rs\/en\/wp-json\/wp\/v2\/product"}],"about":[{"href":"https:\/\/www.nakitsrebro.rs\/en\/wp-json\/wp\/v2\/types\/product"}],"replies":[{"embeddable":true,"href":"https:\/\/www.nakitsrebro.rs\/en\/wp-json\/wp\/v2\/comments?post=10611"}],"wp:featuredmedia":[{"embeddable":true,"href":"https:\/\/www.nakitsrebro.rs\/en\/wp-json\/wp\/v2\/media\/10612"}],"wp:attachment":[{"href":"https:\/\/www.nakitsrebro.rs\/en\/wp-json\/wp\/v2\/media?parent=10611"}],"wp:term":[{"taxonomy":"product_brand","embeddable":true,"href":"https:\/\/www.nakitsrebro.rs\/en\/wp-json\/wp\/v2\/product_brand?post=10611"},{"taxonomy":"product_cat","embeddable":true,"href":"https:\/\/www.nakitsrebro.rs\/en\/wp-json\/wp\/v2\/product_cat?post=10611"},{"taxonomy":"product_tag","embeddable":true,"href":"https:\/\/www.nakitsrebro.rs\/en\/wp-json\/wp\/v2\/product_tag?post=10611"}],"curies":[{"name":"wp","href":"https:\/\/api.w.org\/{rel}","templated":true}]}}