{"id":10754,"date":"2024-11-17T11:36:49","date_gmt":"2024-11-17T11:36:49","guid":{"rendered":"https:\/\/www.nakitsrebro.rs\/?post_type=product&#038;p=10754"},"modified":"2025-11-02T14:04:21","modified_gmt":"2025-11-02T14:04:21","slug":"srebrni-prsten-sedef-503","status":"publish","type":"product","link":"https:\/\/www.nakitsrebro.rs\/en\/p\/srebrni-prsten-sedef-503\/","title":{"rendered":"Srebrni prsten \u201eSEDEF\u201c 503"},"content":{"rendered":"<p>SAV NA\u0160 NAKIT MO\u017dETE NARU\u010cITI DIREKTNO NA SAJTU ILI PREKO VIBER-a ,SMS PORUKOM ILI POZIVOM NA BROJ 064\/030 77 77<\/p>","protected":false},"excerpt":{"rendered":"<ul id=\"karakteristike-0\">\n<li><strong>TE\u017dINA<\/strong>: 5,1g<\/li>\n<li><strong>PRE\u010cNIK<\/strong>: 18,5mm<\/li>\n<li><strong>MATERIJAL<\/strong>: SREBRO 925, SEDEF<\/li>\n<li>Prsten je izra\u0111en od srebra 925. Ima moderan dizajn s upe\u010datljivim geometrijskim uzorkom od sedefa. Sedef je utisnut u srebrnu podlogu, stvaraju\u0107i zanimljiv kontrast izme\u0111u sjaja srebra i meko\u0107e sedefa.<\/li>\n<\/ul>","protected":false},"featured_media":10755,"comment_status":"closed","ping_status":"closed","template":"","meta":[],"product_brand":[],"product_cat":[225],"product_tag":[252],"class_list":{"0":"post-10754","1":"product","2":"type-product","3":"status-publish","4":"has-post-thumbnail","6":"product_cat-srebrno-prstenje","7":"product_tag-srebrni-prsten","9":"first","10":"outofstock","11":"shipping-taxable","12":"purchasable","13":"product-type-simple"},"_links":{"self":[{"href":"https:\/\/www.nakitsrebro.rs\/en\/wp-json\/wp\/v2\/product\/10754","targetHints":{"allow":["GET"]}}],"collection":[{"href":"https:\/\/www.nakitsrebro.rs\/en\/wp-json\/wp\/v2\/product"}],"about":[{"href":"https:\/\/www.nakitsrebro.rs\/en\/wp-json\/wp\/v2\/types\/product"}],"replies":[{"embeddable":true,"href":"https:\/\/www.nakitsrebro.rs\/en\/wp-json\/wp\/v2\/comments?post=10754"}],"wp:featuredmedia":[{"embeddable":true,"href":"https:\/\/www.nakitsrebro.rs\/en\/wp-json\/wp\/v2\/media\/10755"}],"wp:attachment":[{"href":"https:\/\/www.nakitsrebro.rs\/en\/wp-json\/wp\/v2\/media?parent=10754"}],"wp:term":[{"taxonomy":"product_brand","embeddable":true,"href":"https:\/\/www.nakitsrebro.rs\/en\/wp-json\/wp\/v2\/product_brand?post=10754"},{"taxonomy":"product_cat","embeddable":true,"href":"https:\/\/www.nakitsrebro.rs\/en\/wp-json\/wp\/v2\/product_cat?post=10754"},{"taxonomy":"product_tag","embeddable":true,"href":"https:\/\/www.nakitsrebro.rs\/en\/wp-json\/wp\/v2\/product_tag?post=10754"}],"curies":[{"name":"wp","href":"https:\/\/api.w.org\/{rel}","templated":true}]}}