{"id":10757,"date":"2024-11-17T11:49:34","date_gmt":"2024-11-17T11:49:34","guid":{"rendered":"https:\/\/www.nakitsrebro.rs\/?post_type=product&#038;p=10757"},"modified":"2025-11-02T14:04:21","modified_gmt":"2025-11-02T14:04:21","slug":"srebrni-prsten-clif-706","status":"publish","type":"product","link":"https:\/\/www.nakitsrebro.rs\/en\/p\/srebrni-prsten-clif-706\/","title":{"rendered":"Srebrni prsten \u201eCLIF\u201c 706"},"content":{"rendered":"<p>SAV NA\u0160 NAKIT MO\u017dETE NARU\u010cITI DIREKTNO NA SAJTU ILI PREKO VIBER-a ,SMS PORUKOM ILI POZIVOM NA BROJ 064\/030 77 77<\/p>","protected":false},"excerpt":{"rendered":"<ul>\n<li><strong>TE\u017dINA<\/strong>: 3,8g<\/li>\n<li><strong>PRE\u010cNIK<\/strong>: 17mm<\/li>\n<li><strong>MATERIJAL<\/strong>: SREBRO 925, RODIJUM, SEDEF<\/li>\n<li>Ovaj prsten je elegantan i \u017eenstven komad nakita. Centralni deo prstena je motiv deteline sa \u010detiri lista, izra\u0111ene od belog sedefa. Ovaj simbol se tradicionalno povezuje s sre\u0107om i pozitivnim energijama.<\/li>\n<\/ul>","protected":false},"featured_media":12436,"comment_status":"closed","ping_status":"closed","template":"","meta":[],"product_brand":[],"product_cat":[225],"product_tag":[252],"class_list":{"0":"post-10757","1":"product","2":"type-product","3":"status-publish","4":"has-post-thumbnail","6":"product_cat-srebrno-prstenje","7":"product_tag-srebrni-prsten","9":"first","10":"instock","11":"shipping-taxable","12":"purchasable","13":"product-type-simple"},"_links":{"self":[{"href":"https:\/\/www.nakitsrebro.rs\/en\/wp-json\/wp\/v2\/product\/10757","targetHints":{"allow":["GET"]}}],"collection":[{"href":"https:\/\/www.nakitsrebro.rs\/en\/wp-json\/wp\/v2\/product"}],"about":[{"href":"https:\/\/www.nakitsrebro.rs\/en\/wp-json\/wp\/v2\/types\/product"}],"replies":[{"embeddable":true,"href":"https:\/\/www.nakitsrebro.rs\/en\/wp-json\/wp\/v2\/comments?post=10757"}],"wp:featuredmedia":[{"embeddable":true,"href":"https:\/\/www.nakitsrebro.rs\/en\/wp-json\/wp\/v2\/media\/12436"}],"wp:attachment":[{"href":"https:\/\/www.nakitsrebro.rs\/en\/wp-json\/wp\/v2\/media?parent=10757"}],"wp:term":[{"taxonomy":"product_brand","embeddable":true,"href":"https:\/\/www.nakitsrebro.rs\/en\/wp-json\/wp\/v2\/product_brand?post=10757"},{"taxonomy":"product_cat","embeddable":true,"href":"https:\/\/www.nakitsrebro.rs\/en\/wp-json\/wp\/v2\/product_cat?post=10757"},{"taxonomy":"product_tag","embeddable":true,"href":"https:\/\/www.nakitsrebro.rs\/en\/wp-json\/wp\/v2\/product_tag?post=10757"}],"curies":[{"name":"wp","href":"https:\/\/api.w.org\/{rel}","templated":true}]}}