{"id":10817,"date":"2024-12-08T12:11:39","date_gmt":"2024-12-08T12:11:39","guid":{"rendered":"https:\/\/www.nakitsrebro.rs\/?post_type=product&#038;p=10817"},"modified":"2025-11-02T14:04:20","modified_gmt":"2025-11-02T14:04:20","slug":"srebrni-prsten-cirkon-601","status":"publish","type":"product","link":"https:\/\/www.nakitsrebro.rs\/en\/p\/srebrni-prsten-cirkon-601\/","title":{"rendered":"Srebrni prsten &#8222;CIRKON&#8220; 601"},"content":{"rendered":"","protected":false},"excerpt":{"rendered":"<div class=\"woocommerce-product-details__short-description\">\n<ul>\n<li><strong>TE\u017dINA<\/strong>: 3,2g<\/li>\n<li><strong>PRE\u010cNIK<\/strong>: 18mm<\/li>\n<li><strong>MATERIJAL<\/strong>: SREBRO 925, CIRKON<\/li>\n<li>Ovaj srebrni prsten sa cirkonima je predivan komad nakita koji \u0107e upotpuniti svaku va\u0161u kombinaciju. Njegov elegantan dizajn i svestranost \u010dine ga savr\u0161enim izborom za svaku priliku. Da biste odr\u017eali sjaj svog srebrnog nakita, preporu\u010duje se da ga \u010distite mekom krpicom nakon no\u0161enja. Izbegavajte kontakt sa parfemima, kozmetikom i hemikalijama, jer mogu o\u0161tetiti povr\u0161inu srebra.<\/li>\n<\/ul>\n<\/div>","protected":false},"featured_media":10818,"comment_status":"closed","ping_status":"closed","template":"","meta":[],"product_brand":[],"product_cat":[225],"product_tag":[252],"class_list":{"0":"post-10817","1":"product","2":"type-product","3":"status-publish","4":"has-post-thumbnail","6":"product_cat-srebrno-prstenje","7":"product_tag-srebrni-prsten","9":"first","10":"outofstock","11":"shipping-taxable","12":"purchasable","13":"product-type-simple"},"_links":{"self":[{"href":"https:\/\/www.nakitsrebro.rs\/en\/wp-json\/wp\/v2\/product\/10817","targetHints":{"allow":["GET"]}}],"collection":[{"href":"https:\/\/www.nakitsrebro.rs\/en\/wp-json\/wp\/v2\/product"}],"about":[{"href":"https:\/\/www.nakitsrebro.rs\/en\/wp-json\/wp\/v2\/types\/product"}],"replies":[{"embeddable":true,"href":"https:\/\/www.nakitsrebro.rs\/en\/wp-json\/wp\/v2\/comments?post=10817"}],"wp:featuredmedia":[{"embeddable":true,"href":"https:\/\/www.nakitsrebro.rs\/en\/wp-json\/wp\/v2\/media\/10818"}],"wp:attachment":[{"href":"https:\/\/www.nakitsrebro.rs\/en\/wp-json\/wp\/v2\/media?parent=10817"}],"wp:term":[{"taxonomy":"product_brand","embeddable":true,"href":"https:\/\/www.nakitsrebro.rs\/en\/wp-json\/wp\/v2\/product_brand?post=10817"},{"taxonomy":"product_cat","embeddable":true,"href":"https:\/\/www.nakitsrebro.rs\/en\/wp-json\/wp\/v2\/product_cat?post=10817"},{"taxonomy":"product_tag","embeddable":true,"href":"https:\/\/www.nakitsrebro.rs\/en\/wp-json\/wp\/v2\/product_tag?post=10817"}],"curies":[{"name":"wp","href":"https:\/\/api.w.org\/{rel}","templated":true}]}}