{"id":10866,"date":"2024-12-13T13:11:31","date_gmt":"2024-12-13T13:11:31","guid":{"rendered":"https:\/\/www.nakitsrebro.rs\/?post_type=product&#038;p=10866"},"modified":"2026-01-20T12:56:39","modified_gmt":"2026-01-20T12:56:39","slug":"srebrni-privezak-drvo-zivota-714","status":"publish","type":"product","link":"https:\/\/www.nakitsrebro.rs\/en\/p\/srebrni-privezak-drvo-zivota-714\/","title":{"rendered":"Srebrni privezak \u201eDRVO \u017dIVOTA\u201c 714"},"content":{"rendered":"","protected":false},"excerpt":{"rendered":"<div class=\"woocommerce-product-details__short-description\">\n<div class=\"woocommerce-product-details__short-description\">\n<ul>\n<li><strong>TE\u017dINA<\/strong>: 2,8g<\/li>\n<li><strong>MATERIJAL<\/strong>: SREBRO 925, RODIJUM, SEDEF<\/li>\n<li><strong>PRE\u010cNIK<\/strong>: 1,9cm<\/li>\n<li>Ovaj srebrni privezak predstavlja prekrasan i simboli\u010dan komad nakita. Centralni motiv je drvo \u017eivota, koje je urezano u srebrni disk oblo\u017een belim sedefom. Drvo \u017eivota je univerzalni simbol koji predstavlja povezanost svih \u017eivih bi\u0107a, rast, obnovu i beskona\u010dnost.<\/li>\n<\/ul>\n<\/div>\n<\/div>","protected":false},"featured_media":10867,"comment_status":"closed","ping_status":"closed","template":"","meta":[],"product_brand":[],"product_cat":[227],"product_tag":[258],"class_list":{"0":"post-10866","1":"product","2":"type-product","3":"status-publish","4":"has-post-thumbnail","6":"product_cat-srebrni-privesci","7":"product_tag-srebrni-privezak","9":"first","10":"outofstock","11":"shipping-taxable","12":"purchasable","13":"product-type-simple"},"_links":{"self":[{"href":"https:\/\/www.nakitsrebro.rs\/en\/wp-json\/wp\/v2\/product\/10866","targetHints":{"allow":["GET"]}}],"collection":[{"href":"https:\/\/www.nakitsrebro.rs\/en\/wp-json\/wp\/v2\/product"}],"about":[{"href":"https:\/\/www.nakitsrebro.rs\/en\/wp-json\/wp\/v2\/types\/product"}],"replies":[{"embeddable":true,"href":"https:\/\/www.nakitsrebro.rs\/en\/wp-json\/wp\/v2\/comments?post=10866"}],"wp:featuredmedia":[{"embeddable":true,"href":"https:\/\/www.nakitsrebro.rs\/en\/wp-json\/wp\/v2\/media\/10867"}],"wp:attachment":[{"href":"https:\/\/www.nakitsrebro.rs\/en\/wp-json\/wp\/v2\/media?parent=10866"}],"wp:term":[{"taxonomy":"product_brand","embeddable":true,"href":"https:\/\/www.nakitsrebro.rs\/en\/wp-json\/wp\/v2\/product_brand?post=10866"},{"taxonomy":"product_cat","embeddable":true,"href":"https:\/\/www.nakitsrebro.rs\/en\/wp-json\/wp\/v2\/product_cat?post=10866"},{"taxonomy":"product_tag","embeddable":true,"href":"https:\/\/www.nakitsrebro.rs\/en\/wp-json\/wp\/v2\/product_tag?post=10866"}],"curies":[{"name":"wp","href":"https:\/\/api.w.org\/{rel}","templated":true}]}}