{"id":10872,"date":"2024-12-13T13:27:35","date_gmt":"2024-12-13T13:27:35","guid":{"rendered":"https:\/\/www.nakitsrebro.rs\/?post_type=product&#038;p=10872"},"modified":"2025-11-02T14:04:19","modified_gmt":"2025-11-02T14:04:19","slug":"srebrni-privezak-infinity-706","status":"publish","type":"product","link":"https:\/\/www.nakitsrebro.rs\/en\/p\/srebrni-privezak-infinity-706\/","title":{"rendered":"Srebrni privezak \u201eINFINITY\u201c 706"},"content":{"rendered":"","protected":false},"excerpt":{"rendered":"<div class=\"woocommerce-product-details__short-description\">\n<div class=\"woocommerce-product-details__short-description\">\n<ul>\n<li><strong>TE\u017dINA<\/strong>: 1,1g<\/li>\n<li><strong>MATERIJAL<\/strong>: SREBRO 925, RODIJUM, CIRKON<\/li>\n<li><strong>DU\u017dINA<\/strong>: 1,5cm<\/li>\n<li><strong>\u0160IRINA: <\/strong>1cm<\/li>\n<li>Oko simbola beskona\u010dnosti postavljeni su mali, sjajni cirkoni. Dizajn je minimalisti\u010dki, ali veoma efektan. Rodinirano srebro, simbol beskona\u010dnosti i cirkoni stvaraju predivan kontrast.<\/li>\n<\/ul>\n<\/div>\n<\/div>","protected":false},"featured_media":10873,"comment_status":"closed","ping_status":"closed","template":"","meta":[],"product_brand":[],"product_cat":[227],"product_tag":[258],"class_list":{"0":"post-10872","1":"product","2":"type-product","3":"status-publish","4":"has-post-thumbnail","6":"product_cat-srebrni-privesci","7":"product_tag-srebrni-privezak","9":"first","10":"instock","11":"shipping-taxable","12":"purchasable","13":"product-type-simple"},"_links":{"self":[{"href":"https:\/\/www.nakitsrebro.rs\/en\/wp-json\/wp\/v2\/product\/10872","targetHints":{"allow":["GET"]}}],"collection":[{"href":"https:\/\/www.nakitsrebro.rs\/en\/wp-json\/wp\/v2\/product"}],"about":[{"href":"https:\/\/www.nakitsrebro.rs\/en\/wp-json\/wp\/v2\/types\/product"}],"replies":[{"embeddable":true,"href":"https:\/\/www.nakitsrebro.rs\/en\/wp-json\/wp\/v2\/comments?post=10872"}],"wp:featuredmedia":[{"embeddable":true,"href":"https:\/\/www.nakitsrebro.rs\/en\/wp-json\/wp\/v2\/media\/10873"}],"wp:attachment":[{"href":"https:\/\/www.nakitsrebro.rs\/en\/wp-json\/wp\/v2\/media?parent=10872"}],"wp:term":[{"taxonomy":"product_brand","embeddable":true,"href":"https:\/\/www.nakitsrebro.rs\/en\/wp-json\/wp\/v2\/product_brand?post=10872"},{"taxonomy":"product_cat","embeddable":true,"href":"https:\/\/www.nakitsrebro.rs\/en\/wp-json\/wp\/v2\/product_cat?post=10872"},{"taxonomy":"product_tag","embeddable":true,"href":"https:\/\/www.nakitsrebro.rs\/en\/wp-json\/wp\/v2\/product_tag?post=10872"}],"curies":[{"name":"wp","href":"https:\/\/api.w.org\/{rel}","templated":true}]}}