{"id":10921,"date":"2024-12-13T17:40:14","date_gmt":"2024-12-13T17:40:14","guid":{"rendered":"https:\/\/www.nakitsrebro.rs\/?post_type=product&#038;p=10921"},"modified":"2026-01-26T10:39:53","modified_gmt":"2026-01-26T10:39:53","slug":"srebrni-privezak-sveta-petka-622","status":"publish","type":"product","link":"https:\/\/www.nakitsrebro.rs\/en\/p\/srebrni-privezak-sveta-petka-622\/","title":{"rendered":"Srebrni privezak \u201eSVETA PETKA\u201c 622"},"content":{"rendered":"<div id=\"nasa-section-accordion-description\" class=\"hidden-tag nasa-panel nasa-content-panel nasa-sp-panel nasa-content-description active first\">\n<div id=\"nasa-section-accordion-description\" class=\"hidden-tag nasa-panel nasa-content-panel nasa-sp-panel nasa-content-description active first\">\n<ul>\n<li><b>Materijal:<\/b> Srebro<\/li>\n<li><b>Fino\u0107a:<\/b> 925<\/li>\n<li><b>Zavr\u0161na obrada:<\/b> Visoki sjaj<\/li>\n<li><b>Grama\u017ea:<\/b> 1,4g<\/li>\n<li><b>\u0160ifra proizvoda:<\/b> 622<\/li>\n<li><b>Dimenzije priveska:<\/b> 25 mm x 15 mm (mereno sa alkom)<\/li>\n<li>Ovaj srebrni privezak posve\u0107en je Prepodobnoj Majci Paraskevi, Svetoj Petki, jednoj od najpo\u0161tovanijih svetiteljki u na\u0161em narodu. Smatra se za\u0161titnicom \u017eena, bolesnih i siroma\u0161nih, a njen lik donosi utehu, nadu i mir.Privezak je izra\u0111en sa posebnom pa\u017enjom od <b>\u010distog srebra fino\u0107e 925<\/b>, \u0161to garantuje vrhunski kvalitet i trajni sjaj. Fini detalji i precizan prikaz lika Svete Petke \u010dine ovaj komad ne samo prelepim ukrasom, ve\u0107 i vrednom amajlijom.Idealan je kao li\u010dni znak vere ili kao poklon od srca za krsnu slavu, kr\u0161tenje, ro\u0111endan i druge posebne prilike. Neka Vas ovaj privezak svakodnevno podse\u0107a na snagu vere i mo\u0107 molitve.<\/li>\n<\/ul>\n<\/div>\n<\/div>","protected":false},"excerpt":{"rendered":"<p>Nosite blagoslov i za\u0161titu Va\u0161e voljene svetiteljke. Ovaj prelepi privezak sa likom Svete Petke izra\u0111en je od najfinijeg srebra 925. Vi\u0161e od nakita, ovo je sna\u017ean simbol vere i tradicije, idealan za svakodnevno no\u0161enje ili kao smislen poklon.<\/p>","protected":false},"featured_media":12821,"comment_status":"closed","ping_status":"closed","template":"","meta":[],"product_brand":[],"product_cat":[292,227],"product_tag":[258],"class_list":{"0":"post-10921","1":"product","2":"type-product","3":"status-publish","4":"has-post-thumbnail","6":"product_cat-srebrni-privesci-srebrni-privesci","7":"product_cat-srebrni-privesci","8":"product_tag-srebrni-privezak","10":"first","11":"outofstock","12":"shipping-taxable","13":"purchasable","14":"product-type-simple"},"_links":{"self":[{"href":"https:\/\/www.nakitsrebro.rs\/en\/wp-json\/wp\/v2\/product\/10921","targetHints":{"allow":["GET"]}}],"collection":[{"href":"https:\/\/www.nakitsrebro.rs\/en\/wp-json\/wp\/v2\/product"}],"about":[{"href":"https:\/\/www.nakitsrebro.rs\/en\/wp-json\/wp\/v2\/types\/product"}],"replies":[{"embeddable":true,"href":"https:\/\/www.nakitsrebro.rs\/en\/wp-json\/wp\/v2\/comments?post=10921"}],"wp:featuredmedia":[{"embeddable":true,"href":"https:\/\/www.nakitsrebro.rs\/en\/wp-json\/wp\/v2\/media\/12821"}],"wp:attachment":[{"href":"https:\/\/www.nakitsrebro.rs\/en\/wp-json\/wp\/v2\/media?parent=10921"}],"wp:term":[{"taxonomy":"product_brand","embeddable":true,"href":"https:\/\/www.nakitsrebro.rs\/en\/wp-json\/wp\/v2\/product_brand?post=10921"},{"taxonomy":"product_cat","embeddable":true,"href":"https:\/\/www.nakitsrebro.rs\/en\/wp-json\/wp\/v2\/product_cat?post=10921"},{"taxonomy":"product_tag","embeddable":true,"href":"https:\/\/www.nakitsrebro.rs\/en\/wp-json\/wp\/v2\/product_tag?post=10921"}],"curies":[{"name":"wp","href":"https:\/\/api.w.org\/{rel}","templated":true}]}}