{"id":10933,"date":"2024-12-15T09:53:12","date_gmt":"2024-12-15T09:53:12","guid":{"rendered":"https:\/\/www.nakitsrebro.rs\/?post_type=product&#038;p=10933"},"modified":"2025-11-02T14:01:41","modified_gmt":"2025-11-02T14:01:41","slug":"srebrni-lanac-tri-pa-jedan-205","status":"publish","type":"product","link":"https:\/\/www.nakitsrebro.rs\/en\/p\/srebrni-lanac-tri-pa-jedan-205\/","title":{"rendered":"Srebrni lanac &#8222;OVAL&#8220; 206"},"content":{"rendered":"","protected":false},"excerpt":{"rendered":"<p><strong>TE\u017dINA: <\/strong>9,5g<br \/>\n<strong>DU\u017dINA: <\/strong>55cm<br \/>\n<strong>MATERIJAL: <\/strong>SREBRO 925<br \/>\n<strong>\u0160IRINA:<\/strong> 4mm<\/p>\n<p><strong>Ogrlica je izra\u0111ena od srebra<\/strong> i ima karakteristi\u010dan lan\u010di\u0107 sastavljen od <strong>izdu\u017eenih ovalnih alki<\/strong>. Ove alke su me\u0111usobno povezane, stvaraju\u0107i elegantan i suptilan izgled.<\/p>\n<p>&nbsp;<\/p>","protected":false},"featured_media":10937,"comment_status":"closed","ping_status":"closed","template":"","meta":[],"product_brand":[],"product_cat":[230],"product_tag":[260],"class_list":{"0":"post-10933","1":"product","2":"type-product","3":"status-publish","4":"has-post-thumbnail","6":"product_cat-srebrni-lanci","7":"product_tag-srebrni-lanac","9":"first","10":"instock","11":"shipping-taxable","12":"purchasable","13":"product-type-simple"},"_links":{"self":[{"href":"https:\/\/www.nakitsrebro.rs\/en\/wp-json\/wp\/v2\/product\/10933","targetHints":{"allow":["GET"]}}],"collection":[{"href":"https:\/\/www.nakitsrebro.rs\/en\/wp-json\/wp\/v2\/product"}],"about":[{"href":"https:\/\/www.nakitsrebro.rs\/en\/wp-json\/wp\/v2\/types\/product"}],"replies":[{"embeddable":true,"href":"https:\/\/www.nakitsrebro.rs\/en\/wp-json\/wp\/v2\/comments?post=10933"}],"wp:featuredmedia":[{"embeddable":true,"href":"https:\/\/www.nakitsrebro.rs\/en\/wp-json\/wp\/v2\/media\/10937"}],"wp:attachment":[{"href":"https:\/\/www.nakitsrebro.rs\/en\/wp-json\/wp\/v2\/media?parent=10933"}],"wp:term":[{"taxonomy":"product_brand","embeddable":true,"href":"https:\/\/www.nakitsrebro.rs\/en\/wp-json\/wp\/v2\/product_brand?post=10933"},{"taxonomy":"product_cat","embeddable":true,"href":"https:\/\/www.nakitsrebro.rs\/en\/wp-json\/wp\/v2\/product_cat?post=10933"},{"taxonomy":"product_tag","embeddable":true,"href":"https:\/\/www.nakitsrebro.rs\/en\/wp-json\/wp\/v2\/product_tag?post=10933"}],"curies":[{"name":"wp","href":"https:\/\/api.w.org\/{rel}","templated":true}]}}