{"id":11037,"date":"2025-01-03T13:36:02","date_gmt":"2025-01-03T13:36:02","guid":{"rendered":"https:\/\/www.nakitsrebro.rs\/?post_type=product&#038;p=11037"},"modified":"2025-11-02T14:01:40","modified_gmt":"2025-11-02T14:01:40","slug":"srebrna-narukvica-mariner-217","status":"publish","type":"product","link":"https:\/\/www.nakitsrebro.rs\/en\/p\/srebrna-narukvica-mariner-217\/","title":{"rendered":"Srebrna narukvica \u201eMARINER\u201c 217"},"content":{"rendered":"","protected":false},"excerpt":{"rendered":"<ul>\n<li><strong>TE\u017dINA<\/strong>: 5,1g<\/li>\n<li><strong>DU\u017dINA<\/strong>: 20cm<\/li>\n<li><strong>\u0160IRINA: <\/strong>4mm<\/li>\n<li><strong>MATERIJAL<\/strong>: SREBRO 925<\/li>\n<li>Mariner narukvica, prepoznatljiva po svojim ovalnim karikama koje se preklapaju, podse\u0107aju\u0107i na sidreno lan\u010de. Ovaj dizajn je veoma popularan i smatra se klasi\u010dnim izborom za mu\u0161ki nakit, ali sve \u010de\u0161\u0107e se bira i kao unisex komad. Narukvica je opremljena papagaj kop\u010dom, koja je jednostavna za upotrebu i sigurno zatvara narukvicu. Ovakva kop\u010da je veoma \u010desta kod narukvica ovog tipa i obezbe\u0111uje sigurno no\u0161enje.<\/li>\n<\/ul>","protected":false},"featured_media":11038,"comment_status":"closed","ping_status":"closed","template":"","meta":[],"product_brand":[],"product_cat":[299,228],"product_tag":[247],"class_list":{"0":"post-11037","1":"product","2":"type-product","3":"status-publish","4":"has-post-thumbnail","6":"product_cat-srebrne-narukvice-srebrne-narukvice","7":"product_cat-srebrne-narukvice","8":"product_tag-srebrna-narukvica","10":"first","11":"instock","12":"shipping-taxable","13":"purchasable","14":"product-type-simple"},"_links":{"self":[{"href":"https:\/\/www.nakitsrebro.rs\/en\/wp-json\/wp\/v2\/product\/11037","targetHints":{"allow":["GET"]}}],"collection":[{"href":"https:\/\/www.nakitsrebro.rs\/en\/wp-json\/wp\/v2\/product"}],"about":[{"href":"https:\/\/www.nakitsrebro.rs\/en\/wp-json\/wp\/v2\/types\/product"}],"replies":[{"embeddable":true,"href":"https:\/\/www.nakitsrebro.rs\/en\/wp-json\/wp\/v2\/comments?post=11037"}],"wp:featuredmedia":[{"embeddable":true,"href":"https:\/\/www.nakitsrebro.rs\/en\/wp-json\/wp\/v2\/media\/11038"}],"wp:attachment":[{"href":"https:\/\/www.nakitsrebro.rs\/en\/wp-json\/wp\/v2\/media?parent=11037"}],"wp:term":[{"taxonomy":"product_brand","embeddable":true,"href":"https:\/\/www.nakitsrebro.rs\/en\/wp-json\/wp\/v2\/product_brand?post=11037"},{"taxonomy":"product_cat","embeddable":true,"href":"https:\/\/www.nakitsrebro.rs\/en\/wp-json\/wp\/v2\/product_cat?post=11037"},{"taxonomy":"product_tag","embeddable":true,"href":"https:\/\/www.nakitsrebro.rs\/en\/wp-json\/wp\/v2\/product_tag?post=11037"}],"curies":[{"name":"wp","href":"https:\/\/api.w.org\/{rel}","templated":true}]}}