{"id":11190,"date":"2025-02-13T14:44:17","date_gmt":"2025-02-13T14:44:17","guid":{"rendered":"https:\/\/www.nakitsrebro.rs\/?post_type=product&#038;p=11190"},"modified":"2025-11-02T14:01:39","modified_gmt":"2025-11-02T14:01:39","slug":"srebrne-mindjuse-cirkon-741","status":"publish","type":"product","link":"https:\/\/www.nakitsrebro.rs\/en\/p\/srebrne-mindjuse-cirkon-741\/","title":{"rendered":"Srebrne min\u0111u\u0161e \u201eCIRKON\u201c 741"},"content":{"rendered":"","protected":false},"excerpt":{"rendered":"<div class=\"woocommerce-product-details__short-description\">\n<div class=\"woocommerce-product-details__short-description\">\n<div class=\"woocommerce-product-details__short-description\">\n<ul id=\"karakteristike-0\">\n<li><strong>TE\u017dINA<\/strong>: 3,1g,<\/li>\n<li><strong>MATERIJAL<\/strong>: SREBRO 925, CIRKON, RODIJUM<\/li>\n<li><strong>DU\u017dINA: <\/strong>1,5cm<\/li>\n<li>Min\u0111u\u0161e su elegantne i idealne za posebne prilike, ali i za no\u0161enje u svakodnevnom \u017eivotu ako \u017eelite da dodate dozu luksuza svom izgledu.<\/li>\n<\/ul>\n<ul id=\"karakteristike-1\"><\/ul>\n<\/div>\n<\/div>\n<\/div>","protected":false},"featured_media":11191,"comment_status":"closed","ping_status":"closed","template":"","meta":[],"product_brand":[],"product_cat":[298,226],"product_tag":[287],"class_list":{"0":"post-11190","1":"product","2":"type-product","3":"status-publish","4":"has-post-thumbnail","6":"product_cat-ruska-kopca-omega-kopca","7":"product_cat-srebrne-mindjuse","8":"product_tag-mindjuse-na-sraf","10":"first","11":"instock","12":"shipping-taxable","13":"purchasable","14":"product-type-simple"},"_links":{"self":[{"href":"https:\/\/www.nakitsrebro.rs\/en\/wp-json\/wp\/v2\/product\/11190","targetHints":{"allow":["GET"]}}],"collection":[{"href":"https:\/\/www.nakitsrebro.rs\/en\/wp-json\/wp\/v2\/product"}],"about":[{"href":"https:\/\/www.nakitsrebro.rs\/en\/wp-json\/wp\/v2\/types\/product"}],"replies":[{"embeddable":true,"href":"https:\/\/www.nakitsrebro.rs\/en\/wp-json\/wp\/v2\/comments?post=11190"}],"wp:featuredmedia":[{"embeddable":true,"href":"https:\/\/www.nakitsrebro.rs\/en\/wp-json\/wp\/v2\/media\/11191"}],"wp:attachment":[{"href":"https:\/\/www.nakitsrebro.rs\/en\/wp-json\/wp\/v2\/media?parent=11190"}],"wp:term":[{"taxonomy":"product_brand","embeddable":true,"href":"https:\/\/www.nakitsrebro.rs\/en\/wp-json\/wp\/v2\/product_brand?post=11190"},{"taxonomy":"product_cat","embeddable":true,"href":"https:\/\/www.nakitsrebro.rs\/en\/wp-json\/wp\/v2\/product_cat?post=11190"},{"taxonomy":"product_tag","embeddable":true,"href":"https:\/\/www.nakitsrebro.rs\/en\/wp-json\/wp\/v2\/product_tag?post=11190"}],"curies":[{"name":"wp","href":"https:\/\/api.w.org\/{rel}","templated":true}]}}