{"id":11210,"date":"2025-02-14T10:15:29","date_gmt":"2025-02-14T10:15:29","guid":{"rendered":"https:\/\/www.nakitsrebro.rs\/?post_type=product&#038;p=11210"},"modified":"2025-11-02T14:01:39","modified_gmt":"2025-11-02T14:01:39","slug":"srebrne-mindjuse-drvo-zivota-727","status":"publish","type":"product","link":"https:\/\/www.nakitsrebro.rs\/en\/p\/srebrne-mindjuse-drvo-zivota-727\/","title":{"rendered":"Srebrne min\u0111u\u0161e \u201eDRVO \u017dIVOTA\u201c 727"},"content":{"rendered":"","protected":false},"excerpt":{"rendered":"<div class=\"woocommerce-product-details__short-description\">\n<div class=\"woocommerce-product-details__short-description\">\n<div class=\"woocommerce-product-details__short-description\">\n<ul id=\"karakteristike-0\">\n<li><strong>TE\u017dINA<\/strong>: 3,5g,<\/li>\n<li><strong>MATERIJAL<\/strong>: SREBRO 925, CIRKON, RODIJUM<\/li>\n<li><strong>PRE\u010cNIK: <\/strong>1,6cm<\/li>\n<li>Dizajn je minimalisti\u010dki, ali veoma efektan. Kombinacija srebra, drva \u017eivota i cirkona stvara predivan kontrast, a okrugli oblik min\u0111u\u0161a \u010dini ih idealnim za svaku priliku.<\/li>\n<\/ul>\n<ul id=\"karakteristike-1\"><\/ul>\n<\/div>\n<\/div>\n<\/div>","protected":false},"featured_media":11211,"comment_status":"closed","ping_status":"closed","template":"","meta":[],"product_brand":[],"product_cat":[298,226],"product_tag":[254],"class_list":{"0":"post-11210","1":"product","2":"type-product","3":"status-publish","4":"has-post-thumbnail","6":"product_cat-ruska-kopca-omega-kopca","7":"product_cat-srebrne-mindjuse","8":"product_tag-srebrne-mindjuse","10":"first","11":"instock","12":"shipping-taxable","13":"purchasable","14":"product-type-simple"},"_links":{"self":[{"href":"https:\/\/www.nakitsrebro.rs\/en\/wp-json\/wp\/v2\/product\/11210","targetHints":{"allow":["GET"]}}],"collection":[{"href":"https:\/\/www.nakitsrebro.rs\/en\/wp-json\/wp\/v2\/product"}],"about":[{"href":"https:\/\/www.nakitsrebro.rs\/en\/wp-json\/wp\/v2\/types\/product"}],"replies":[{"embeddable":true,"href":"https:\/\/www.nakitsrebro.rs\/en\/wp-json\/wp\/v2\/comments?post=11210"}],"wp:featuredmedia":[{"embeddable":true,"href":"https:\/\/www.nakitsrebro.rs\/en\/wp-json\/wp\/v2\/media\/11211"}],"wp:attachment":[{"href":"https:\/\/www.nakitsrebro.rs\/en\/wp-json\/wp\/v2\/media?parent=11210"}],"wp:term":[{"taxonomy":"product_brand","embeddable":true,"href":"https:\/\/www.nakitsrebro.rs\/en\/wp-json\/wp\/v2\/product_brand?post=11210"},{"taxonomy":"product_cat","embeddable":true,"href":"https:\/\/www.nakitsrebro.rs\/en\/wp-json\/wp\/v2\/product_cat?post=11210"},{"taxonomy":"product_tag","embeddable":true,"href":"https:\/\/www.nakitsrebro.rs\/en\/wp-json\/wp\/v2\/product_tag?post=11210"}],"curies":[{"name":"wp","href":"https:\/\/api.w.org\/{rel}","templated":true}]}}