{"id":11270,"date":"2025-02-15T13:07:41","date_gmt":"2025-02-15T13:07:41","guid":{"rendered":"https:\/\/www.nakitsrebro.rs\/?post_type=product&#038;p=11270"},"modified":"2026-03-14T13:01:01","modified_gmt":"2026-03-14T13:01:01","slug":"srebrni-lanac-tri-pa-jedan-209","status":"publish","type":"product","link":"https:\/\/www.nakitsrebro.rs\/en\/p\/srebrni-lanac-tri-pa-jedan-209\/","title":{"rendered":"Srebrni lanac \u201eTRI PA JEDAN\u201c 209"},"content":{"rendered":"","protected":false},"excerpt":{"rendered":"<p><strong>TE\u017dINA: <\/strong>11,2g<br \/>\n<strong>DU\u017dINA: <\/strong>60cm<br \/>\n<strong>MATERIJAL: <\/strong>SREBRO 925<br \/>\n<strong>\u0160IRINA:<\/strong> 4,4mm<\/p>\n<p>Ova elegantna ogrlica izra\u0111ena je od <strong>srebra 925<\/strong> i odlikuje se tankim<strong>, figaro lan\u010di\u0107em<\/strong> \u0161irine 4,4<strong>mm<\/strong>. Figaro uzorak daje lan\u010di\u0107u klasi\u010dan\u00a0 izgled, a njegova delikatnost \u010dini ga svestranim za razli\u010dite prilike.<\/p>\n<p>&nbsp;<\/p>","protected":false},"featured_media":11271,"comment_status":"closed","ping_status":"closed","template":"","meta":[],"product_brand":[],"product_cat":[230],"product_tag":[260],"class_list":{"0":"post-11270","1":"product","2":"type-product","3":"status-publish","4":"has-post-thumbnail","6":"product_cat-srebrni-lanci","7":"product_tag-srebrni-lanac","9":"first","10":"outofstock","11":"shipping-taxable","12":"purchasable","13":"product-type-simple"},"_links":{"self":[{"href":"https:\/\/www.nakitsrebro.rs\/en\/wp-json\/wp\/v2\/product\/11270","targetHints":{"allow":["GET"]}}],"collection":[{"href":"https:\/\/www.nakitsrebro.rs\/en\/wp-json\/wp\/v2\/product"}],"about":[{"href":"https:\/\/www.nakitsrebro.rs\/en\/wp-json\/wp\/v2\/types\/product"}],"replies":[{"embeddable":true,"href":"https:\/\/www.nakitsrebro.rs\/en\/wp-json\/wp\/v2\/comments?post=11270"}],"wp:featuredmedia":[{"embeddable":true,"href":"https:\/\/www.nakitsrebro.rs\/en\/wp-json\/wp\/v2\/media\/11271"}],"wp:attachment":[{"href":"https:\/\/www.nakitsrebro.rs\/en\/wp-json\/wp\/v2\/media?parent=11270"}],"wp:term":[{"taxonomy":"product_brand","embeddable":true,"href":"https:\/\/www.nakitsrebro.rs\/en\/wp-json\/wp\/v2\/product_brand?post=11270"},{"taxonomy":"product_cat","embeddable":true,"href":"https:\/\/www.nakitsrebro.rs\/en\/wp-json\/wp\/v2\/product_cat?post=11270"},{"taxonomy":"product_tag","embeddable":true,"href":"https:\/\/www.nakitsrebro.rs\/en\/wp-json\/wp\/v2\/product_tag?post=11270"}],"curies":[{"name":"wp","href":"https:\/\/api.w.org\/{rel}","templated":true}]}}