{"id":11675,"date":"2025-04-07T09:54:30","date_gmt":"2025-04-07T09:54:30","guid":{"rendered":"https:\/\/www.nakitsrebro.rs\/?post_type=product&#038;p=11675"},"modified":"2025-11-02T14:01:29","modified_gmt":"2025-11-02T14:01:29","slug":"srebrne-mindjuse-cirkon-604","status":"publish","type":"product","link":"https:\/\/www.nakitsrebro.rs\/en\/p\/srebrne-mindjuse-cirkon-604\/","title":{"rendered":"Srebrne min\u0111u\u0161e \u201eCIRKON\u201c 604"},"content":{"rendered":"","protected":false},"excerpt":{"rendered":"<ul>\n<li><strong>TE\u017dINA<\/strong>: 2,4g<\/li>\n<li><strong>MATERIJAL<\/strong>: SREBRO 925,CIRKON<\/li>\n<li><strong>PRE\u010cNIK:\u00a0<\/strong>0,8cm<\/li>\n<li>Elegantne srebrne min\u0111u\u0161e sa blistavim bezbojnim cirkonom u sredini. Klasi\u010dan dizajn koji dodaje suptilan sjaj svakom izgledu.<\/li>\n<\/ul>","protected":false},"featured_media":11676,"comment_status":"closed","ping_status":"closed","template":"","meta":[],"product_brand":[],"product_cat":[226],"product_tag":[254],"class_list":{"0":"post-11675","1":"product","2":"type-product","3":"status-publish","4":"has-post-thumbnail","6":"product_cat-srebrne-mindjuse","7":"product_tag-srebrne-mindjuse","9":"first","10":"instock","11":"shipping-taxable","12":"purchasable","13":"product-type-simple"},"_links":{"self":[{"href":"https:\/\/www.nakitsrebro.rs\/en\/wp-json\/wp\/v2\/product\/11675","targetHints":{"allow":["GET"]}}],"collection":[{"href":"https:\/\/www.nakitsrebro.rs\/en\/wp-json\/wp\/v2\/product"}],"about":[{"href":"https:\/\/www.nakitsrebro.rs\/en\/wp-json\/wp\/v2\/types\/product"}],"replies":[{"embeddable":true,"href":"https:\/\/www.nakitsrebro.rs\/en\/wp-json\/wp\/v2\/comments?post=11675"}],"wp:featuredmedia":[{"embeddable":true,"href":"https:\/\/www.nakitsrebro.rs\/en\/wp-json\/wp\/v2\/media\/11676"}],"wp:attachment":[{"href":"https:\/\/www.nakitsrebro.rs\/en\/wp-json\/wp\/v2\/media?parent=11675"}],"wp:term":[{"taxonomy":"product_brand","embeddable":true,"href":"https:\/\/www.nakitsrebro.rs\/en\/wp-json\/wp\/v2\/product_brand?post=11675"},{"taxonomy":"product_cat","embeddable":true,"href":"https:\/\/www.nakitsrebro.rs\/en\/wp-json\/wp\/v2\/product_cat?post=11675"},{"taxonomy":"product_tag","embeddable":true,"href":"https:\/\/www.nakitsrebro.rs\/en\/wp-json\/wp\/v2\/product_tag?post=11675"}],"curies":[{"name":"wp","href":"https:\/\/api.w.org\/{rel}","templated":true}]}}