{"id":11840,"date":"2025-04-19T12:41:22","date_gmt":"2025-04-19T12:41:22","guid":{"rendered":"https:\/\/www.nakitsrebro.rs\/?post_type=product&#038;p=11840"},"modified":"2025-11-02T14:01:25","modified_gmt":"2025-11-02T14:01:25","slug":"srebrne-mindjuse-cirkon-705","status":"publish","type":"product","link":"https:\/\/www.nakitsrebro.rs\/en\/p\/srebrne-mindjuse-cirkon-705\/","title":{"rendered":"Srebrne min\u0111u\u0161e \u201eCIRKON\u201c 705"},"content":{"rendered":"","protected":false},"excerpt":{"rendered":"<ul>\n<li><strong>TE\u017dINA<\/strong>: 1,2g<\/li>\n<li><strong>MATERIJAL<\/strong>: SREBRO 925, POZLATA, CIRKON<\/li>\n<li><strong>PRE\u010cNIK:<\/strong> 0,5cm<\/li>\n<li>Ove elegantne i jednostavne min\u0111u\u0161e izra\u0111ene su od srebra i presvu\u010dene toplim slojem pozlate, pru\u017eaju\u0107i im bogat, zlatan sjaj. Svaka min\u0111u\u0161a ima mali, okrugli oblik sa centralno postavljenim, blistavim cirkonom. Cirkon je pa\u017eljivo bru\u0161en kako bi maksimalno reflektovao svetlost, daju\u0107i min\u0111u\u0161ama suptilan, ali primetan sjaj. Okru\u017een je glatkim, poliranim okvirom od pozla\u0107enog srebra koji nagla\u0161ava njegovu lepotu i doprinosi elegantnom izgledu min\u0111u\u0161a.<\/li>\n<\/ul>","protected":false},"featured_media":11841,"comment_status":"closed","ping_status":"closed","template":"","meta":[],"product_brand":[],"product_cat":[297,226],"product_tag":[254],"class_list":{"0":"post-11840","1":"product","2":"type-product","3":"status-publish","4":"has-post-thumbnail","6":"product_cat-srebrne-mindjuse-srebrne-mindjuse-4","7":"product_cat-srebrne-mindjuse","8":"product_tag-srebrne-mindjuse","10":"first","11":"instock","12":"shipping-taxable","13":"purchasable","14":"product-type-simple"},"_links":{"self":[{"href":"https:\/\/www.nakitsrebro.rs\/en\/wp-json\/wp\/v2\/product\/11840","targetHints":{"allow":["GET"]}}],"collection":[{"href":"https:\/\/www.nakitsrebro.rs\/en\/wp-json\/wp\/v2\/product"}],"about":[{"href":"https:\/\/www.nakitsrebro.rs\/en\/wp-json\/wp\/v2\/types\/product"}],"replies":[{"embeddable":true,"href":"https:\/\/www.nakitsrebro.rs\/en\/wp-json\/wp\/v2\/comments?post=11840"}],"wp:featuredmedia":[{"embeddable":true,"href":"https:\/\/www.nakitsrebro.rs\/en\/wp-json\/wp\/v2\/media\/11841"}],"wp:attachment":[{"href":"https:\/\/www.nakitsrebro.rs\/en\/wp-json\/wp\/v2\/media?parent=11840"}],"wp:term":[{"taxonomy":"product_brand","embeddable":true,"href":"https:\/\/www.nakitsrebro.rs\/en\/wp-json\/wp\/v2\/product_brand?post=11840"},{"taxonomy":"product_cat","embeddable":true,"href":"https:\/\/www.nakitsrebro.rs\/en\/wp-json\/wp\/v2\/product_cat?post=11840"},{"taxonomy":"product_tag","embeddable":true,"href":"https:\/\/www.nakitsrebro.rs\/en\/wp-json\/wp\/v2\/product_tag?post=11840"}],"curies":[{"name":"wp","href":"https:\/\/api.w.org\/{rel}","templated":true}]}}