{"id":11843,"date":"2025-04-19T12:46:23","date_gmt":"2025-04-19T12:46:23","guid":{"rendered":"https:\/\/www.nakitsrebro.rs\/?post_type=product&#038;p=11843"},"modified":"2026-02-07T07:26:55","modified_gmt":"2026-02-07T07:26:55","slug":"srebrne-mindjuse-zvezde-708","status":"publish","type":"product","link":"https:\/\/www.nakitsrebro.rs\/en\/p\/srebrne-mindjuse-zvezde-708\/","title":{"rendered":"Srebrne min\u0111u\u0161e \u201eZVEZDE\u201c 708"},"content":{"rendered":"","protected":false},"excerpt":{"rendered":"<ul>\n<li><strong>TE\u017dINA<\/strong>: 1g<\/li>\n<li><strong>MATERIJAL<\/strong>: SREBRO 925, POZLATA<\/li>\n<li><strong>DU\u017dINA:<\/strong> 1,1cm<\/li>\n<li><strong>\u0160IRINA:\u00a0<\/strong>1,1<\/li>\n<li>Zvezde imaju glatku, poliranu povr\u0161inu koja lepo reflektuje svetlost, daju\u0107i min\u0111u\u0161ama suptilan sjaj. Njihov asimetri\u010dan raspored stvara dinami\u010dan i mladala\u010dki izgled. Najve\u0107a zvezda je dominantna, dok su tri manje postavljene tako da formiraju zanimljivu kompoziciju.<\/li>\n<\/ul>","protected":false},"featured_media":11844,"comment_status":"closed","ping_status":"closed","template":"","meta":[],"product_brand":[],"product_cat":[297,226],"product_tag":[254],"class_list":{"0":"post-11843","1":"product","2":"type-product","3":"status-publish","4":"has-post-thumbnail","6":"product_cat-srebrne-mindjuse-srebrne-mindjuse-4","7":"product_cat-srebrne-mindjuse","8":"product_tag-srebrne-mindjuse","10":"first","11":"outofstock","12":"shipping-taxable","13":"purchasable","14":"product-type-simple"},"_links":{"self":[{"href":"https:\/\/www.nakitsrebro.rs\/en\/wp-json\/wp\/v2\/product\/11843","targetHints":{"allow":["GET"]}}],"collection":[{"href":"https:\/\/www.nakitsrebro.rs\/en\/wp-json\/wp\/v2\/product"}],"about":[{"href":"https:\/\/www.nakitsrebro.rs\/en\/wp-json\/wp\/v2\/types\/product"}],"replies":[{"embeddable":true,"href":"https:\/\/www.nakitsrebro.rs\/en\/wp-json\/wp\/v2\/comments?post=11843"}],"wp:featuredmedia":[{"embeddable":true,"href":"https:\/\/www.nakitsrebro.rs\/en\/wp-json\/wp\/v2\/media\/11844"}],"wp:attachment":[{"href":"https:\/\/www.nakitsrebro.rs\/en\/wp-json\/wp\/v2\/media?parent=11843"}],"wp:term":[{"taxonomy":"product_brand","embeddable":true,"href":"https:\/\/www.nakitsrebro.rs\/en\/wp-json\/wp\/v2\/product_brand?post=11843"},{"taxonomy":"product_cat","embeddable":true,"href":"https:\/\/www.nakitsrebro.rs\/en\/wp-json\/wp\/v2\/product_cat?post=11843"},{"taxonomy":"product_tag","embeddable":true,"href":"https:\/\/www.nakitsrebro.rs\/en\/wp-json\/wp\/v2\/product_tag?post=11843"}],"curies":[{"name":"wp","href":"https:\/\/api.w.org\/{rel}","templated":true}]}}