{"id":11863,"date":"2025-05-03T16:18:51","date_gmt":"2025-05-03T16:18:51","guid":{"rendered":"https:\/\/www.nakitsrebro.rs\/?post_type=product&#038;p=11863"},"modified":"2026-01-15T13:48:20","modified_gmt":"2026-01-15T13:48:20","slug":"srebrne-mindjuse-za-decu-jednorog-621","status":"publish","type":"product","link":"https:\/\/www.nakitsrebro.rs\/en\/p\/srebrne-mindjuse-za-decu-jednorog-621\/","title":{"rendered":"Srebrne min\u0111u\u0161e za decu &#8222;JEDNOROG&#8220; 621"},"content":{"rendered":"","protected":false},"excerpt":{"rendered":"<div id=\"karakteristike\">\n<ul>\n<li><strong>TE\u017dINA<\/strong>: 1,5g<\/li>\n<li><strong>MATERIJAL<\/strong>: SREBRO 925, EMAJL<\/li>\n<li><strong>DU\u017dINA:<\/strong> 2cm<\/li>\n<li>Ove \u010darobne min\u0111u\u0161e \u0107e odu\u0161eviti svaku malu princezu! Izra\u0111ene su od visokokvalitetnog srebra i ukra\u0161ene prekrasnim detaljima. Centralni deo min\u0111u\u0161a predstavlja glavu jednoroga, s njegovom karakteristi\u010dnom grivom u \u0161arenim nijansama. Griva je izra\u0111ena tehnikom emajliranja, \u0161to daje min\u0111u\u0161ama posebnu dubinu i sjaj.<\/li>\n<\/ul>\n<\/div>","protected":false},"featured_media":11864,"comment_status":"closed","ping_status":"closed","template":"","meta":[],"product_brand":[],"product_cat":[232],"product_tag":[256],"class_list":{"0":"post-11863","1":"product","2":"type-product","3":"status-publish","4":"has-post-thumbnail","6":"product_cat-mindjuse","7":"product_tag-nakit-za-decu","9":"first","10":"instock","11":"shipping-taxable","12":"purchasable","13":"product-type-simple"},"_links":{"self":[{"href":"https:\/\/www.nakitsrebro.rs\/en\/wp-json\/wp\/v2\/product\/11863","targetHints":{"allow":["GET"]}}],"collection":[{"href":"https:\/\/www.nakitsrebro.rs\/en\/wp-json\/wp\/v2\/product"}],"about":[{"href":"https:\/\/www.nakitsrebro.rs\/en\/wp-json\/wp\/v2\/types\/product"}],"replies":[{"embeddable":true,"href":"https:\/\/www.nakitsrebro.rs\/en\/wp-json\/wp\/v2\/comments?post=11863"}],"wp:featuredmedia":[{"embeddable":true,"href":"https:\/\/www.nakitsrebro.rs\/en\/wp-json\/wp\/v2\/media\/11864"}],"wp:attachment":[{"href":"https:\/\/www.nakitsrebro.rs\/en\/wp-json\/wp\/v2\/media?parent=11863"}],"wp:term":[{"taxonomy":"product_brand","embeddable":true,"href":"https:\/\/www.nakitsrebro.rs\/en\/wp-json\/wp\/v2\/product_brand?post=11863"},{"taxonomy":"product_cat","embeddable":true,"href":"https:\/\/www.nakitsrebro.rs\/en\/wp-json\/wp\/v2\/product_cat?post=11863"},{"taxonomy":"product_tag","embeddable":true,"href":"https:\/\/www.nakitsrebro.rs\/en\/wp-json\/wp\/v2\/product_tag?post=11863"}],"curies":[{"name":"wp","href":"https:\/\/api.w.org\/{rel}","templated":true}]}}