{"id":11869,"date":"2025-05-03T16:29:21","date_gmt":"2025-05-03T16:29:21","guid":{"rendered":"https:\/\/www.nakitsrebro.rs\/?post_type=product&#038;p=11869"},"modified":"2025-11-02T14:01:25","modified_gmt":"2025-11-02T14:01:25","slug":"srebrne-mindjuse-za-decu-jednorog-626","status":"publish","type":"product","link":"https:\/\/www.nakitsrebro.rs\/en\/p\/srebrne-mindjuse-za-decu-jednorog-626\/","title":{"rendered":"Srebrne min\u0111u\u0161e za decu &#8222;JEDNOROG&#8220; 626"},"content":{"rendered":"","protected":false},"excerpt":{"rendered":"<div id=\"karakteristike\">\n<ul>\n<li><strong>TE\u017dINA<\/strong>: 1,7g<\/li>\n<li><strong>MATERIJAL<\/strong>: SREBRO 925, EMAJL<\/li>\n<li><strong>DU\u017dINA:<\/strong> 1,5cm<\/li>\n<li>Ove \u010darobne min\u0111u\u0161e \u0107e odu\u0161eviti svaku malu princezu! Izra\u0111ene su od visokokvalitetnog srebra i ukra\u0161ene prekrasnim detaljima. Centralni deo min\u0111u\u0161a predstavlja glavu jednoroga, s njegovom karakteristi\u010dnom grivom u \u0161arenim nijansama. Griva je izra\u0111ena tehnikom emajliranja, \u0161to daje min\u0111u\u0161ama posebnu dubinu i sjaj.<\/li>\n<\/ul>\n<\/div>","protected":false},"featured_media":11870,"comment_status":"closed","ping_status":"closed","template":"","meta":[],"product_brand":[],"product_cat":[232],"product_tag":[256],"class_list":{"0":"post-11869","1":"product","2":"type-product","3":"status-publish","4":"has-post-thumbnail","6":"product_cat-mindjuse","7":"product_tag-nakit-za-decu","9":"first","10":"outofstock","11":"shipping-taxable","12":"purchasable","13":"product-type-simple"},"_links":{"self":[{"href":"https:\/\/www.nakitsrebro.rs\/en\/wp-json\/wp\/v2\/product\/11869","targetHints":{"allow":["GET"]}}],"collection":[{"href":"https:\/\/www.nakitsrebro.rs\/en\/wp-json\/wp\/v2\/product"}],"about":[{"href":"https:\/\/www.nakitsrebro.rs\/en\/wp-json\/wp\/v2\/types\/product"}],"replies":[{"embeddable":true,"href":"https:\/\/www.nakitsrebro.rs\/en\/wp-json\/wp\/v2\/comments?post=11869"}],"wp:featuredmedia":[{"embeddable":true,"href":"https:\/\/www.nakitsrebro.rs\/en\/wp-json\/wp\/v2\/media\/11870"}],"wp:attachment":[{"href":"https:\/\/www.nakitsrebro.rs\/en\/wp-json\/wp\/v2\/media?parent=11869"}],"wp:term":[{"taxonomy":"product_brand","embeddable":true,"href":"https:\/\/www.nakitsrebro.rs\/en\/wp-json\/wp\/v2\/product_brand?post=11869"},{"taxonomy":"product_cat","embeddable":true,"href":"https:\/\/www.nakitsrebro.rs\/en\/wp-json\/wp\/v2\/product_cat?post=11869"},{"taxonomy":"product_tag","embeddable":true,"href":"https:\/\/www.nakitsrebro.rs\/en\/wp-json\/wp\/v2\/product_tag?post=11869"}],"curies":[{"name":"wp","href":"https:\/\/api.w.org\/{rel}","templated":true}]}}