{"id":11875,"date":"2025-05-03T16:43:00","date_gmt":"2025-05-03T16:43:00","guid":{"rendered":"https:\/\/www.nakitsrebro.rs\/?post_type=product&#038;p=11875"},"modified":"2025-11-02T14:01:24","modified_gmt":"2025-11-02T14:01:24","slug":"srebrne-mindjuse-za-decu-hello-kitty-620","status":"publish","type":"product","link":"https:\/\/www.nakitsrebro.rs\/en\/p\/srebrne-mindjuse-za-decu-hello-kitty-620\/","title":{"rendered":"Srebrne min\u0111u\u0161e za decu \u201eHELLO KITTY\u201c 620"},"content":{"rendered":"","protected":false},"excerpt":{"rendered":"<div class=\"info_main product-des-wrap product-des\">\n<ul id=\"karakteristike-0\">\n<li><strong>TE\u017dINA<\/strong>: 1,4g<\/li>\n<\/ul>\n<ul id=\"karakteristike-1\">\n<li><strong>MATERIJAL<\/strong>: SREBRO 925, EMAJL<\/li>\n<li><strong>Hello Kitty<\/strong> je omiljeni lik me\u0111u devoj\u010dicama \u0161irom sveta, a srebrne min\u0111u\u0161e sa ovim simpati\u010dnim ma\u010dkom u\u010dini\u0107e svaku malu princezu jo\u0161 sre\u0107nijom. Ove min\u0111u\u0161e su ne samo modni dodatak ve\u0107 i poseban poklon koji \u0107e odu\u0161eviti svaku devoj\u010dicu.<\/li>\n<\/ul>\n<\/div>","protected":false},"featured_media":11876,"comment_status":"closed","ping_status":"closed","template":"","meta":[],"product_brand":[],"product_cat":[232],"product_tag":[256,253],"class_list":{"0":"post-11875","1":"product","2":"type-product","3":"status-publish","4":"has-post-thumbnail","6":"product_cat-mindjuse","7":"product_tag-nakit-za-decu","8":"product_tag-srebrne-mindjuse-za-decu","10":"first","11":"outofstock","12":"shipping-taxable","13":"purchasable","14":"product-type-simple"},"_links":{"self":[{"href":"https:\/\/www.nakitsrebro.rs\/en\/wp-json\/wp\/v2\/product\/11875","targetHints":{"allow":["GET"]}}],"collection":[{"href":"https:\/\/www.nakitsrebro.rs\/en\/wp-json\/wp\/v2\/product"}],"about":[{"href":"https:\/\/www.nakitsrebro.rs\/en\/wp-json\/wp\/v2\/types\/product"}],"replies":[{"embeddable":true,"href":"https:\/\/www.nakitsrebro.rs\/en\/wp-json\/wp\/v2\/comments?post=11875"}],"wp:featuredmedia":[{"embeddable":true,"href":"https:\/\/www.nakitsrebro.rs\/en\/wp-json\/wp\/v2\/media\/11876"}],"wp:attachment":[{"href":"https:\/\/www.nakitsrebro.rs\/en\/wp-json\/wp\/v2\/media?parent=11875"}],"wp:term":[{"taxonomy":"product_brand","embeddable":true,"href":"https:\/\/www.nakitsrebro.rs\/en\/wp-json\/wp\/v2\/product_brand?post=11875"},{"taxonomy":"product_cat","embeddable":true,"href":"https:\/\/www.nakitsrebro.rs\/en\/wp-json\/wp\/v2\/product_cat?post=11875"},{"taxonomy":"product_tag","embeddable":true,"href":"https:\/\/www.nakitsrebro.rs\/en\/wp-json\/wp\/v2\/product_tag?post=11875"}],"curies":[{"name":"wp","href":"https:\/\/api.w.org\/{rel}","templated":true}]}}