{"id":11887,"date":"2025-05-03T17:11:01","date_gmt":"2025-05-03T17:11:01","guid":{"rendered":"https:\/\/www.nakitsrebro.rs\/?post_type=product&#038;p=11887"},"modified":"2026-04-11T10:12:25","modified_gmt":"2026-04-11T10:12:25","slug":"srebrne-mindjuse-za-decu-srce-607","status":"publish","type":"product","link":"https:\/\/www.nakitsrebro.rs\/en\/p\/srebrne-mindjuse-za-decu-srce-607\/","title":{"rendered":"Srebrne mindju\u0161e za decu &#8222;SRCE&#8220; 607"},"content":{"rendered":"","protected":false},"excerpt":{"rendered":"<div id=\"karakteristike\">\n<ul>\n<li><strong>TE\u017dINA<\/strong>: 1,7g<\/li>\n<li><strong>MATERIJAL<\/strong>: SREBRO 925, EMAJL<\/li>\n<li><strong>DU\u017dINA:<\/strong> 1cm<\/li>\n<li><strong>\u0160IRINA: <\/strong>0,8cm<\/li>\n<li>Prekrasne srebrne min\u0111u\u0161e u obliku srca, savr\u0161ene za male princeze!<\/li>\n<\/ul>\n<\/div>","protected":false},"featured_media":11888,"comment_status":"closed","ping_status":"closed","template":"","meta":[],"product_brand":[],"product_cat":[232],"product_tag":[256],"class_list":{"0":"post-11887","1":"product","2":"type-product","3":"status-publish","4":"has-post-thumbnail","6":"product_cat-mindjuse","7":"product_tag-nakit-za-decu","9":"first","10":"outofstock","11":"shipping-taxable","12":"purchasable","13":"product-type-simple"},"_links":{"self":[{"href":"https:\/\/www.nakitsrebro.rs\/en\/wp-json\/wp\/v2\/product\/11887","targetHints":{"allow":["GET"]}}],"collection":[{"href":"https:\/\/www.nakitsrebro.rs\/en\/wp-json\/wp\/v2\/product"}],"about":[{"href":"https:\/\/www.nakitsrebro.rs\/en\/wp-json\/wp\/v2\/types\/product"}],"replies":[{"embeddable":true,"href":"https:\/\/www.nakitsrebro.rs\/en\/wp-json\/wp\/v2\/comments?post=11887"}],"wp:featuredmedia":[{"embeddable":true,"href":"https:\/\/www.nakitsrebro.rs\/en\/wp-json\/wp\/v2\/media\/11888"}],"wp:attachment":[{"href":"https:\/\/www.nakitsrebro.rs\/en\/wp-json\/wp\/v2\/media?parent=11887"}],"wp:term":[{"taxonomy":"product_brand","embeddable":true,"href":"https:\/\/www.nakitsrebro.rs\/en\/wp-json\/wp\/v2\/product_brand?post=11887"},{"taxonomy":"product_cat","embeddable":true,"href":"https:\/\/www.nakitsrebro.rs\/en\/wp-json\/wp\/v2\/product_cat?post=11887"},{"taxonomy":"product_tag","embeddable":true,"href":"https:\/\/www.nakitsrebro.rs\/en\/wp-json\/wp\/v2\/product_tag?post=11887"}],"curies":[{"name":"wp","href":"https:\/\/api.w.org\/{rel}","templated":true}]}}