{"id":11896,"date":"2025-05-03T17:25:25","date_gmt":"2025-05-03T17:25:25","guid":{"rendered":"https:\/\/www.nakitsrebro.rs\/?post_type=product&#038;p=11896"},"modified":"2025-11-02T14:01:24","modified_gmt":"2025-11-02T14:01:24","slug":"srebrne-mindjuse-za-decu-minnie-mouse-614","status":"publish","type":"product","link":"https:\/\/www.nakitsrebro.rs\/en\/p\/srebrne-mindjuse-za-decu-minnie-mouse-614\/","title":{"rendered":"Srebrne min\u0111u\u0161e za decu \u201eMINNIE MOUSE\u201c 614"},"content":{"rendered":"<p>Srebrne min\u0111u\u0161e &#8222;MINNIE MOUSE&#8220; su vi\u0161e od modnog dodatka &#8211; one su mali komadi\u0107 magije koji \u0107e obradovati svaku devoj\u010dicu. Poklonite ih va\u0161oj princezi i u\u010dinite je najsre\u0107nijom na svetu!<\/p>","protected":false},"excerpt":{"rendered":"<ul id=\"karakteristike-0\">\n<li><strong>TE\u017dINA<\/strong>: 2,2g<\/li>\n<li><strong>MATERIJAL<\/strong>: SREBRO 925, EMAJL<\/li>\n<li><strong>DU\u017dINA:\u00a0<\/strong>2cm<\/li>\n<li><strong>Mini Maus<\/strong>, omiljeni mi\u0161 svih generacija, sada mo\u017ee krasiti u\u0161i va\u0161e male princeze! Srebrne min\u0111u\u0161e sa motivima ovog legendarnog crtanog junaka su savr\u0161en poklon za sve devoj\u010dice koje vole magi\u010dni svet Disneja.<\/li>\n<\/ul>","protected":false},"featured_media":11897,"comment_status":"closed","ping_status":"closed","template":"","meta":[],"product_brand":[],"product_cat":[232],"product_tag":[291,256],"class_list":{"0":"post-11896","1":"product","2":"type-product","3":"status-publish","4":"has-post-thumbnail","6":"product_cat-mindjuse","7":"product_tag-decije-mindjuse","8":"product_tag-nakit-za-decu","10":"first","11":"outofstock","12":"shipping-taxable","13":"purchasable","14":"product-type-simple"},"_links":{"self":[{"href":"https:\/\/www.nakitsrebro.rs\/en\/wp-json\/wp\/v2\/product\/11896","targetHints":{"allow":["GET"]}}],"collection":[{"href":"https:\/\/www.nakitsrebro.rs\/en\/wp-json\/wp\/v2\/product"}],"about":[{"href":"https:\/\/www.nakitsrebro.rs\/en\/wp-json\/wp\/v2\/types\/product"}],"replies":[{"embeddable":true,"href":"https:\/\/www.nakitsrebro.rs\/en\/wp-json\/wp\/v2\/comments?post=11896"}],"wp:featuredmedia":[{"embeddable":true,"href":"https:\/\/www.nakitsrebro.rs\/en\/wp-json\/wp\/v2\/media\/11897"}],"wp:attachment":[{"href":"https:\/\/www.nakitsrebro.rs\/en\/wp-json\/wp\/v2\/media?parent=11896"}],"wp:term":[{"taxonomy":"product_brand","embeddable":true,"href":"https:\/\/www.nakitsrebro.rs\/en\/wp-json\/wp\/v2\/product_brand?post=11896"},{"taxonomy":"product_cat","embeddable":true,"href":"https:\/\/www.nakitsrebro.rs\/en\/wp-json\/wp\/v2\/product_cat?post=11896"},{"taxonomy":"product_tag","embeddable":true,"href":"https:\/\/www.nakitsrebro.rs\/en\/wp-json\/wp\/v2\/product_tag?post=11896"}],"curies":[{"name":"wp","href":"https:\/\/api.w.org\/{rel}","templated":true}]}}