{"id":11938,"date":"2025-05-04T15:15:26","date_gmt":"2025-05-04T15:15:26","guid":{"rendered":"https:\/\/www.nakitsrebro.rs\/?post_type=product&#038;p=11938"},"modified":"2025-11-02T14:01:23","modified_gmt":"2025-11-02T14:01:23","slug":"srebrne-mindjuse-cirkon-306","status":"publish","type":"product","link":"https:\/\/www.nakitsrebro.rs\/en\/p\/srebrne-mindjuse-cirkon-306\/","title":{"rendered":"Srebrne min\u0111u\u0161e \u201eCIRKON\u201c 306"},"content":{"rendered":"","protected":false},"excerpt":{"rendered":"<ul>\n<li><strong>TE\u017dINA<\/strong>: 3,1g<\/li>\n<li><strong>MATERIJAL<\/strong>: SREBRO 925, CIRKON<\/li>\n<li><strong>PRE\u010cNIK:<\/strong> 1,4cm<\/li>\n<li>Min\u0111u\u0161e su okruglog oblika, \u0161to je jedan od najklasi\u010dnijih oblika nakita. Centralni deo min\u0111u\u0161a \u010dini veliki, okrugli kamen\u010di\u0107 u boji, koji je postavljen na srebrno postolje koje ga \u010dvrsto dr\u017ei. Min\u0111u\u0161e se zatvaraju na udicu, \u0161to obezbe\u0111uje sigurno no\u0161enje.<\/li>\n<\/ul>","protected":false},"featured_media":11939,"comment_status":"closed","ping_status":"closed","template":"","meta":[],"product_brand":[],"product_cat":[295,226],"product_tag":[287,254],"class_list":{"0":"post-11938","1":"product","2":"type-product","3":"status-publish","4":"has-post-thumbnail","6":"product_cat-srebrne-mindjuse-srebrne-mindjuse-2","7":"product_cat-srebrne-mindjuse","8":"product_tag-mindjuse-na-sraf","9":"product_tag-srebrne-mindjuse","11":"first","12":"instock","13":"shipping-taxable","14":"purchasable","15":"product-type-simple"},"_links":{"self":[{"href":"https:\/\/www.nakitsrebro.rs\/en\/wp-json\/wp\/v2\/product\/11938","targetHints":{"allow":["GET"]}}],"collection":[{"href":"https:\/\/www.nakitsrebro.rs\/en\/wp-json\/wp\/v2\/product"}],"about":[{"href":"https:\/\/www.nakitsrebro.rs\/en\/wp-json\/wp\/v2\/types\/product"}],"replies":[{"embeddable":true,"href":"https:\/\/www.nakitsrebro.rs\/en\/wp-json\/wp\/v2\/comments?post=11938"}],"wp:featuredmedia":[{"embeddable":true,"href":"https:\/\/www.nakitsrebro.rs\/en\/wp-json\/wp\/v2\/media\/11939"}],"wp:attachment":[{"href":"https:\/\/www.nakitsrebro.rs\/en\/wp-json\/wp\/v2\/media?parent=11938"}],"wp:term":[{"taxonomy":"product_brand","embeddable":true,"href":"https:\/\/www.nakitsrebro.rs\/en\/wp-json\/wp\/v2\/product_brand?post=11938"},{"taxonomy":"product_cat","embeddable":true,"href":"https:\/\/www.nakitsrebro.rs\/en\/wp-json\/wp\/v2\/product_cat?post=11938"},{"taxonomy":"product_tag","embeddable":true,"href":"https:\/\/www.nakitsrebro.rs\/en\/wp-json\/wp\/v2\/product_tag?post=11938"}],"curies":[{"name":"wp","href":"https:\/\/api.w.org\/{rel}","templated":true}]}}