{"id":11951,"date":"2025-05-04T15:53:50","date_gmt":"2025-05-04T15:53:50","guid":{"rendered":"https:\/\/www.nakitsrebro.rs\/?post_type=product&#038;p=11951"},"modified":"2026-04-01T07:34:03","modified_gmt":"2026-04-01T07:34:03","slug":"srebrne-mindjuse-709","status":"publish","type":"product","link":"https:\/\/www.nakitsrebro.rs\/en\/p\/srebrne-mindjuse-709\/","title":{"rendered":"Srebrne min\u0111u\u0161e &#8222;CIRKON&#8220; 709"},"content":{"rendered":"","protected":false},"excerpt":{"rendered":"<ul>\n<li><strong>\u00a0TE\u017dINA: <\/strong>2,1g<\/li>\n<li><strong>MATERIJAL:<\/strong> SREBRO 925, CIRKON<\/li>\n<li><strong>DU\u017dINA<\/strong><strong>: <\/strong>1cm<\/li>\n<li><strong>\u0160IRINA:<\/strong> 0,6mm<\/li>\n<li>Elegantan par srebrnih min\u0111u\u0161a sa tri reda sjajnih cirkona. Savr\u0161en izbor za one koje vole diskretan, ali efektan nakit. Min\u0111u\u0161e su u obliku polukruga, \u0161to im daje elegantan i klasi\u010dan izgled. Ovaj oblik je veoma popularan i pristaje uz razli\u010dite oblike lica.<\/li>\n<\/ul>","protected":false},"featured_media":11952,"comment_status":"closed","ping_status":"closed","template":"","meta":[],"product_brand":[],"product_cat":[296,226],"product_tag":[254],"class_list":{"0":"post-11951","1":"product","2":"type-product","3":"status-publish","4":"has-post-thumbnail","6":"product_cat-srebrne-mindjuse-srebrne-mindjuse-3","7":"product_cat-srebrne-mindjuse","8":"product_tag-srebrne-mindjuse","10":"first","11":"instock","12":"shipping-taxable","13":"purchasable","14":"product-type-simple"},"_links":{"self":[{"href":"https:\/\/www.nakitsrebro.rs\/en\/wp-json\/wp\/v2\/product\/11951","targetHints":{"allow":["GET"]}}],"collection":[{"href":"https:\/\/www.nakitsrebro.rs\/en\/wp-json\/wp\/v2\/product"}],"about":[{"href":"https:\/\/www.nakitsrebro.rs\/en\/wp-json\/wp\/v2\/types\/product"}],"replies":[{"embeddable":true,"href":"https:\/\/www.nakitsrebro.rs\/en\/wp-json\/wp\/v2\/comments?post=11951"}],"wp:featuredmedia":[{"embeddable":true,"href":"https:\/\/www.nakitsrebro.rs\/en\/wp-json\/wp\/v2\/media\/11952"}],"wp:attachment":[{"href":"https:\/\/www.nakitsrebro.rs\/en\/wp-json\/wp\/v2\/media?parent=11951"}],"wp:term":[{"taxonomy":"product_brand","embeddable":true,"href":"https:\/\/www.nakitsrebro.rs\/en\/wp-json\/wp\/v2\/product_brand?post=11951"},{"taxonomy":"product_cat","embeddable":true,"href":"https:\/\/www.nakitsrebro.rs\/en\/wp-json\/wp\/v2\/product_cat?post=11951"},{"taxonomy":"product_tag","embeddable":true,"href":"https:\/\/www.nakitsrebro.rs\/en\/wp-json\/wp\/v2\/product_tag?post=11951"}],"curies":[{"name":"wp","href":"https:\/\/api.w.org\/{rel}","templated":true}]}}