{"id":11969,"date":"2025-05-05T10:06:38","date_gmt":"2025-05-05T10:06:38","guid":{"rendered":"https:\/\/www.nakitsrebro.rs\/?post_type=product&#038;p=11969"},"modified":"2025-11-14T17:44:48","modified_gmt":"2025-11-14T17:44:48","slug":"srebrne-mindjuse-za-decu-stic-710","status":"publish","type":"product","link":"https:\/\/www.nakitsrebro.rs\/en\/p\/srebrne-mindjuse-za-decu-stic-710\/","title":{"rendered":"Srebrne mindju\u0161e za decu &#8222;STI\u010c&#8220; 710"},"content":{"rendered":"","protected":false},"excerpt":{"rendered":"<div id=\"karakteristike\">\n<ul>\n<li><strong>TE\u017dINA<\/strong>: 1.8g<\/li>\n<li><strong>MATERIJAL<\/strong>: SREBRO 925, EMAJL RODIJUM<\/li>\n<li><strong>DU\u017dINA:<\/strong> 1cm<\/li>\n<li><strong>\u0160IRINA: <\/strong>0.8cm<\/li>\n<li>Ove de\u010dije min\u0111u\u0161e sa Sti\u010dom su divan komad nakita koji \u0107e odu\u0161eviti svako dete.<\/li>\n<\/ul>\n<\/div>","protected":false},"featured_media":11970,"comment_status":"closed","ping_status":"closed","template":"","meta":[],"product_brand":[],"product_cat":[232],"product_tag":[256],"class_list":{"0":"post-11969","1":"product","2":"type-product","3":"status-publish","4":"has-post-thumbnail","6":"product_cat-mindjuse","7":"product_tag-nakit-za-decu","9":"first","10":"outofstock","11":"shipping-taxable","12":"purchasable","13":"product-type-simple"},"_links":{"self":[{"href":"https:\/\/www.nakitsrebro.rs\/en\/wp-json\/wp\/v2\/product\/11969","targetHints":{"allow":["GET"]}}],"collection":[{"href":"https:\/\/www.nakitsrebro.rs\/en\/wp-json\/wp\/v2\/product"}],"about":[{"href":"https:\/\/www.nakitsrebro.rs\/en\/wp-json\/wp\/v2\/types\/product"}],"replies":[{"embeddable":true,"href":"https:\/\/www.nakitsrebro.rs\/en\/wp-json\/wp\/v2\/comments?post=11969"}],"wp:featuredmedia":[{"embeddable":true,"href":"https:\/\/www.nakitsrebro.rs\/en\/wp-json\/wp\/v2\/media\/11970"}],"wp:attachment":[{"href":"https:\/\/www.nakitsrebro.rs\/en\/wp-json\/wp\/v2\/media?parent=11969"}],"wp:term":[{"taxonomy":"product_brand","embeddable":true,"href":"https:\/\/www.nakitsrebro.rs\/en\/wp-json\/wp\/v2\/product_brand?post=11969"},{"taxonomy":"product_cat","embeddable":true,"href":"https:\/\/www.nakitsrebro.rs\/en\/wp-json\/wp\/v2\/product_cat?post=11969"},{"taxonomy":"product_tag","embeddable":true,"href":"https:\/\/www.nakitsrebro.rs\/en\/wp-json\/wp\/v2\/product_tag?post=11969"}],"curies":[{"name":"wp","href":"https:\/\/api.w.org\/{rel}","templated":true}]}}