{"id":11990,"date":"2025-05-05T11:00:55","date_gmt":"2025-05-05T11:00:55","guid":{"rendered":"https:\/\/www.nakitsrebro.rs\/?post_type=product&#038;p=11990"},"modified":"2026-02-04T12:29:02","modified_gmt":"2026-02-04T12:29:02","slug":"srebrne-mindjuse-krug-416","status":"publish","type":"product","link":"https:\/\/www.nakitsrebro.rs\/en\/p\/srebrne-mindjuse-krug-416\/","title":{"rendered":"Srebrne min\u0111u\u0161e \u201eKRUG\u201c 416"},"content":{"rendered":"","protected":false},"excerpt":{"rendered":"<div class=\"woocommerce-product-details__short-description\">\n<div class=\"woocommerce-product-details__short-description\">\n<div class=\"woocommerce-product-details__short-description\">\n<ul id=\"karakteristike-0\">\n<li><strong>TE\u017dINA<\/strong>: 2g<\/li>\n<li><strong>MATERIJAL<\/strong>: SREBRO 925, ZAD<\/li>\n<li><strong>PRE\u010cNIK: <\/strong>1,1cm<\/li>\n<li>Centralni deo min\u0111u\u0161a \u010dine zad kamencici koji su izradjeni od sintetickih materijala okruglog oblika. Kamencici su postavljeni u srebrnu kapsulu, \u0161to im daje dodatnu za\u0161titu i sjaj. Zbog svog jednostavnog i elegantnog dizajna, ove min\u0111u\u0161e su pogodne za svakodnevno no\u0161enje, ali i za sve\u010dane prilike.<\/li>\n<\/ul>\n<ul id=\"karakteristike-1\"><\/ul>\n<\/div>\n<\/div>\n<\/div>","protected":false},"featured_media":11991,"comment_status":"closed","ping_status":"closed","template":"","meta":[],"product_brand":[],"product_cat":[297,226],"product_tag":[287],"class_list":{"0":"post-11990","1":"product","2":"type-product","3":"status-publish","4":"has-post-thumbnail","6":"product_cat-srebrne-mindjuse-srebrne-mindjuse-4","7":"product_cat-srebrne-mindjuse","8":"product_tag-mindjuse-na-sraf","10":"first","11":"instock","12":"shipping-taxable","13":"purchasable","14":"product-type-simple"},"_links":{"self":[{"href":"https:\/\/www.nakitsrebro.rs\/en\/wp-json\/wp\/v2\/product\/11990","targetHints":{"allow":["GET"]}}],"collection":[{"href":"https:\/\/www.nakitsrebro.rs\/en\/wp-json\/wp\/v2\/product"}],"about":[{"href":"https:\/\/www.nakitsrebro.rs\/en\/wp-json\/wp\/v2\/types\/product"}],"replies":[{"embeddable":true,"href":"https:\/\/www.nakitsrebro.rs\/en\/wp-json\/wp\/v2\/comments?post=11990"}],"wp:featuredmedia":[{"embeddable":true,"href":"https:\/\/www.nakitsrebro.rs\/en\/wp-json\/wp\/v2\/media\/11991"}],"wp:attachment":[{"href":"https:\/\/www.nakitsrebro.rs\/en\/wp-json\/wp\/v2\/media?parent=11990"}],"wp:term":[{"taxonomy":"product_brand","embeddable":true,"href":"https:\/\/www.nakitsrebro.rs\/en\/wp-json\/wp\/v2\/product_brand?post=11990"},{"taxonomy":"product_cat","embeddable":true,"href":"https:\/\/www.nakitsrebro.rs\/en\/wp-json\/wp\/v2\/product_cat?post=11990"},{"taxonomy":"product_tag","embeddable":true,"href":"https:\/\/www.nakitsrebro.rs\/en\/wp-json\/wp\/v2\/product_tag?post=11990"}],"curies":[{"name":"wp","href":"https:\/\/api.w.org\/{rel}","templated":true}]}}