{"id":12275,"date":"2025-05-31T11:18:17","date_gmt":"2025-05-31T11:18:17","guid":{"rendered":"https:\/\/www.nakitsrebro.rs\/?post_type=product&#038;p=12275"},"modified":"2025-11-02T14:01:13","modified_gmt":"2025-11-02T14:01:13","slug":"srebrne-mindjuse-stanc-640","status":"publish","type":"product","link":"https:\/\/www.nakitsrebro.rs\/en\/p\/srebrne-mindjuse-stanc-640\/","title":{"rendered":"Srebrne min\u0111u\u0161e \u201e\u0160TANC\u201c 640"},"content":{"rendered":"","protected":false},"excerpt":{"rendered":"<ul>\n<li><strong>TE\u017dINA<\/strong>: 2,2g<\/li>\n<li><strong>MATERIJAL<\/strong>: SREBRO 925<\/li>\n<li><strong>DU\u017dINA:<\/strong> 2,5cm<\/li>\n<li><strong>\u0160IRINA:<\/strong>0,5cm<\/li>\n<li>Ovo su elegantne i moderne min\u0111u\u0161e izra\u0111ene od srebra. Dizajn je minimalisti\u010dki i profinjen, karakterizovan blago zakrivljenom, glatkom plo\u010dicom koja je polirana do visokog sjaja, reflektuju\u0107i svetlost. Zakrivljeni oblik stvara suptilnu trodimenzionalnost, daju\u0107i im sofisticiran izgled.<\/li>\n<\/ul>","protected":false},"featured_media":12276,"comment_status":"closed","ping_status":"closed","template":"","meta":[],"product_brand":[],"product_cat":[296,226],"product_tag":[287,254],"class_list":{"0":"post-12275","1":"product","2":"type-product","3":"status-publish","4":"has-post-thumbnail","6":"product_cat-srebrne-mindjuse-srebrne-mindjuse-3","7":"product_cat-srebrne-mindjuse","8":"product_tag-mindjuse-na-sraf","9":"product_tag-srebrne-mindjuse","11":"first","12":"outofstock","13":"shipping-taxable","14":"purchasable","15":"product-type-simple"},"_links":{"self":[{"href":"https:\/\/www.nakitsrebro.rs\/en\/wp-json\/wp\/v2\/product\/12275","targetHints":{"allow":["GET"]}}],"collection":[{"href":"https:\/\/www.nakitsrebro.rs\/en\/wp-json\/wp\/v2\/product"}],"about":[{"href":"https:\/\/www.nakitsrebro.rs\/en\/wp-json\/wp\/v2\/types\/product"}],"replies":[{"embeddable":true,"href":"https:\/\/www.nakitsrebro.rs\/en\/wp-json\/wp\/v2\/comments?post=12275"}],"wp:featuredmedia":[{"embeddable":true,"href":"https:\/\/www.nakitsrebro.rs\/en\/wp-json\/wp\/v2\/media\/12276"}],"wp:attachment":[{"href":"https:\/\/www.nakitsrebro.rs\/en\/wp-json\/wp\/v2\/media?parent=12275"}],"wp:term":[{"taxonomy":"product_brand","embeddable":true,"href":"https:\/\/www.nakitsrebro.rs\/en\/wp-json\/wp\/v2\/product_brand?post=12275"},{"taxonomy":"product_cat","embeddable":true,"href":"https:\/\/www.nakitsrebro.rs\/en\/wp-json\/wp\/v2\/product_cat?post=12275"},{"taxonomy":"product_tag","embeddable":true,"href":"https:\/\/www.nakitsrebro.rs\/en\/wp-json\/wp\/v2\/product_tag?post=12275"}],"curies":[{"name":"wp","href":"https:\/\/api.w.org\/{rel}","templated":true}]}}