{"id":12280,"date":"2025-05-31T11:29:05","date_gmt":"2025-05-31T11:29:05","guid":{"rendered":"https:\/\/www.nakitsrebro.rs\/?post_type=product&#038;p=12280"},"modified":"2025-11-02T14:01:07","modified_gmt":"2025-11-02T14:01:07","slug":"srebrne-mindjuse-stanc-634","status":"publish","type":"product","link":"https:\/\/www.nakitsrebro.rs\/en\/p\/srebrne-mindjuse-stanc-634\/","title":{"rendered":"Srebrne min\u0111u\u0161e \u201e\u0160TANC\u201c 634"},"content":{"rendered":"","protected":false},"excerpt":{"rendered":"<ul>\n<li><strong>TE\u017dINA<\/strong>: 1,6g<\/li>\n<li><strong>MATERIJAL<\/strong>: SREBRO 925<\/li>\n<li><strong>DU\u017dINA:<\/strong> 1,5cm<\/li>\n<li><strong>\u0160IRINA:<\/strong>0,7cm<\/li>\n<li>Ove srebrne min\u0111u\u0161e karakteri\u0161e zanimljiva tekstura koja podse\u0107a na izbrazdanu ili \u010deki\u0107anu povr\u0161inu. Nisu glatke, ve\u0107 imaju niz nepravilnih udubljenja i ispup\u010denja koja im daju jedinstven, rusti\u010dan, ali ipak sofisticiran izgled.<\/li>\n<\/ul>","protected":false},"featured_media":12281,"comment_status":"closed","ping_status":"closed","template":"","meta":[],"product_brand":[],"product_cat":[296,226],"product_tag":[287,254],"class_list":{"0":"post-12280","1":"product","2":"type-product","3":"status-publish","4":"has-post-thumbnail","6":"product_cat-srebrne-mindjuse-srebrne-mindjuse-3","7":"product_cat-srebrne-mindjuse","8":"product_tag-mindjuse-na-sraf","9":"product_tag-srebrne-mindjuse","11":"first","12":"instock","13":"shipping-taxable","14":"purchasable","15":"product-type-simple"},"_links":{"self":[{"href":"https:\/\/www.nakitsrebro.rs\/en\/wp-json\/wp\/v2\/product\/12280","targetHints":{"allow":["GET"]}}],"collection":[{"href":"https:\/\/www.nakitsrebro.rs\/en\/wp-json\/wp\/v2\/product"}],"about":[{"href":"https:\/\/www.nakitsrebro.rs\/en\/wp-json\/wp\/v2\/types\/product"}],"replies":[{"embeddable":true,"href":"https:\/\/www.nakitsrebro.rs\/en\/wp-json\/wp\/v2\/comments?post=12280"}],"wp:featuredmedia":[{"embeddable":true,"href":"https:\/\/www.nakitsrebro.rs\/en\/wp-json\/wp\/v2\/media\/12281"}],"wp:attachment":[{"href":"https:\/\/www.nakitsrebro.rs\/en\/wp-json\/wp\/v2\/media?parent=12280"}],"wp:term":[{"taxonomy":"product_brand","embeddable":true,"href":"https:\/\/www.nakitsrebro.rs\/en\/wp-json\/wp\/v2\/product_brand?post=12280"},{"taxonomy":"product_cat","embeddable":true,"href":"https:\/\/www.nakitsrebro.rs\/en\/wp-json\/wp\/v2\/product_cat?post=12280"},{"taxonomy":"product_tag","embeddable":true,"href":"https:\/\/www.nakitsrebro.rs\/en\/wp-json\/wp\/v2\/product_tag?post=12280"}],"curies":[{"name":"wp","href":"https:\/\/api.w.org\/{rel}","templated":true}]}}