{"id":12323,"date":"2025-05-31T12:56:17","date_gmt":"2025-05-31T12:56:17","guid":{"rendered":"https:\/\/www.nakitsrebro.rs\/?post_type=product&#038;p=12323"},"modified":"2025-11-02T14:01:06","modified_gmt":"2025-11-02T14:01:06","slug":"srebrne-mindjuse-tuti-fruti-645","status":"publish","type":"product","link":"https:\/\/www.nakitsrebro.rs\/en\/p\/srebrne-mindjuse-tuti-fruti-645\/","title":{"rendered":"Srebrne min\u0111u\u0161e \u201eTUTI-FRUTI\u201c 645"},"content":{"rendered":"","protected":false},"excerpt":{"rendered":"<ul>\n<li><strong>TE\u017dINA<\/strong>: 2,1g<\/li>\n<li><strong>MATERIJAL<\/strong>: SREBRO 925, CIRKON<\/li>\n<li><strong>DU\u017dINA:<\/strong> 1,4cm<\/li>\n<li><strong>\u0160IRINA: <\/strong>0,4cm<\/li>\n<li>Ove srebrne min\u0111u\u0161e su malih obru\u010da (huggie hoops) sa \u017eivopisnim dizajnom. Karakteri\u0161u ih niz malih, okruglih kamen\u010di\u0107a postavljenih du\u017e prednje strane, koji su u raznim duginim bojama, uklju\u010duju\u0107i zelenu, narand\u017eastu, ljubi\u010dastu, plavu i roze. Kamen\u010di\u0107i su jarko obojeni i dodaju razigran i veseo dodir.<\/li>\n<\/ul>","protected":false},"featured_media":12324,"comment_status":"closed","ping_status":"closed","template":"","meta":[],"product_brand":[],"product_cat":[296,226],"product_tag":[287,254],"class_list":{"0":"post-12323","1":"product","2":"type-product","3":"status-publish","4":"has-post-thumbnail","6":"product_cat-srebrne-mindjuse-srebrne-mindjuse-3","7":"product_cat-srebrne-mindjuse","8":"product_tag-mindjuse-na-sraf","9":"product_tag-srebrne-mindjuse","11":"first","12":"outofstock","13":"shipping-taxable","14":"purchasable","15":"product-type-simple"},"_links":{"self":[{"href":"https:\/\/www.nakitsrebro.rs\/en\/wp-json\/wp\/v2\/product\/12323","targetHints":{"allow":["GET"]}}],"collection":[{"href":"https:\/\/www.nakitsrebro.rs\/en\/wp-json\/wp\/v2\/product"}],"about":[{"href":"https:\/\/www.nakitsrebro.rs\/en\/wp-json\/wp\/v2\/types\/product"}],"replies":[{"embeddable":true,"href":"https:\/\/www.nakitsrebro.rs\/en\/wp-json\/wp\/v2\/comments?post=12323"}],"wp:featuredmedia":[{"embeddable":true,"href":"https:\/\/www.nakitsrebro.rs\/en\/wp-json\/wp\/v2\/media\/12324"}],"wp:attachment":[{"href":"https:\/\/www.nakitsrebro.rs\/en\/wp-json\/wp\/v2\/media?parent=12323"}],"wp:term":[{"taxonomy":"product_brand","embeddable":true,"href":"https:\/\/www.nakitsrebro.rs\/en\/wp-json\/wp\/v2\/product_brand?post=12323"},{"taxonomy":"product_cat","embeddable":true,"href":"https:\/\/www.nakitsrebro.rs\/en\/wp-json\/wp\/v2\/product_cat?post=12323"},{"taxonomy":"product_tag","embeddable":true,"href":"https:\/\/www.nakitsrebro.rs\/en\/wp-json\/wp\/v2\/product_tag?post=12323"}],"curies":[{"name":"wp","href":"https:\/\/api.w.org\/{rel}","templated":true}]}}