{"id":12550,"date":"2025-08-13T10:44:33","date_gmt":"2025-08-13T10:44:33","guid":{"rendered":"https:\/\/www.nakitsrebro.rs\/?post_type=product&#038;p=12550"},"modified":"2025-11-02T14:01:04","modified_gmt":"2025-11-02T14:01:04","slug":"srebrna-narukvica-sedef-502","status":"publish","type":"product","link":"https:\/\/www.nakitsrebro.rs\/en\/p\/srebrna-narukvica-sedef-502\/","title":{"rendered":"Srebrna narukvica &#8222;SEDEF&#8220; 502"},"content":{"rendered":"","protected":false},"excerpt":{"rendered":"<ul>\n<li><strong>TE\u017dINA<\/strong>: 3,2g<\/li>\n<li><strong>DU\u017dINA<\/strong>: 16-19cm<\/li>\n<li><strong>\u0160IRINA: <\/strong>5mm<\/li>\n<li><strong>MATERIJAL<\/strong>: SREBRO 925, SEDEF<\/li>\n<li>Ova ne\u017ena i \u0161armantna narukvica izra\u0111ena je od visokokvalitetnog srebra 925 i ukra\u0161ena pastelno obojenim ovalnim elementima od sedefa u beloj boji. Idealna je za svakodnevno no\u0161enje, ali i za posebne prilike kada \u017eelite da dodate da\u0161ak boje i elegancije svom stilu. Zahvaljuju\u0107i klasi\u010dnom dizajnu i laganoj konstrukciji, lako se kombinuje uz razli\u010dite modne stilove.<\/li>\n<\/ul>","protected":false},"featured_media":12662,"comment_status":"closed","ping_status":"closed","template":"","meta":[],"product_brand":[],"product_cat":[300,228],"product_tag":[247],"class_list":{"0":"post-12550","1":"product","2":"type-product","3":"status-publish","4":"has-post-thumbnail","6":"product_cat-narukvice-sa-privescima-charm-bracelets","7":"product_cat-srebrne-narukvice","8":"product_tag-srebrna-narukvica","10":"first","11":"outofstock","12":"shipping-taxable","13":"purchasable","14":"product-type-simple"},"_links":{"self":[{"href":"https:\/\/www.nakitsrebro.rs\/en\/wp-json\/wp\/v2\/product\/12550","targetHints":{"allow":["GET"]}}],"collection":[{"href":"https:\/\/www.nakitsrebro.rs\/en\/wp-json\/wp\/v2\/product"}],"about":[{"href":"https:\/\/www.nakitsrebro.rs\/en\/wp-json\/wp\/v2\/types\/product"}],"replies":[{"embeddable":true,"href":"https:\/\/www.nakitsrebro.rs\/en\/wp-json\/wp\/v2\/comments?post=12550"}],"wp:featuredmedia":[{"embeddable":true,"href":"https:\/\/www.nakitsrebro.rs\/en\/wp-json\/wp\/v2\/media\/12662"}],"wp:attachment":[{"href":"https:\/\/www.nakitsrebro.rs\/en\/wp-json\/wp\/v2\/media?parent=12550"}],"wp:term":[{"taxonomy":"product_brand","embeddable":true,"href":"https:\/\/www.nakitsrebro.rs\/en\/wp-json\/wp\/v2\/product_brand?post=12550"},{"taxonomy":"product_cat","embeddable":true,"href":"https:\/\/www.nakitsrebro.rs\/en\/wp-json\/wp\/v2\/product_cat?post=12550"},{"taxonomy":"product_tag","embeddable":true,"href":"https:\/\/www.nakitsrebro.rs\/en\/wp-json\/wp\/v2\/product_tag?post=12550"}],"curies":[{"name":"wp","href":"https:\/\/api.w.org\/{rel}","templated":true}]}}