{"id":12582,"date":"2025-08-13T14:49:21","date_gmt":"2025-08-13T14:49:21","guid":{"rendered":"https:\/\/www.nakitsrebro.rs\/?post_type=product&#038;p=12582"},"modified":"2025-11-02T14:01:03","modified_gmt":"2025-11-02T14:01:03","slug":"srebrna-narukvica-detelina-607","status":"publish","type":"product","link":"https:\/\/www.nakitsrebro.rs\/en\/p\/srebrna-narukvica-detelina-607\/","title":{"rendered":"Srebrna narukvica \u201eDETELINA\u201c 607"},"content":{"rendered":"","protected":false},"excerpt":{"rendered":"<ul>\n<li><strong>TE\u017dINA<\/strong>: 4,4g<\/li>\n<li><strong>DU\u017dINA<\/strong>: 17-20cm<\/li>\n<li><strong>MATERIJAL<\/strong>: SREBRO 925, CIRKON<\/li>\n<li>Srebrna narukvica 925 sa centralnim priveskom u obliku deteline sa \u010detiri lista, ukra\u0161ene sitnim cirkonima, simbolizuju\u0107i sre\u0107u i blagostanje. Sa obe strane deteline nalaze se vise\u0107i okrugli cirkoni u elegantnim okruglim okovima, dodatno nagla\u0161eni sjajnim kuglicama. Fina kvadratna lan\u010dana struktura \u010dini ovu narukvicu ne\u017enom i \u017eenstvenom, savr\u0161enom za poklon ili li\u010dni amajlijski detalj.<\/li>\n<\/ul>","protected":false},"featured_media":12583,"comment_status":"closed","ping_status":"closed","template":"","meta":[],"product_brand":[],"product_cat":[300,228],"product_tag":[247],"class_list":{"0":"post-12582","1":"product","2":"type-product","3":"status-publish","4":"has-post-thumbnail","6":"product_cat-narukvice-sa-privescima-charm-bracelets","7":"product_cat-srebrne-narukvice","8":"product_tag-srebrna-narukvica","10":"first","11":"outofstock","12":"shipping-taxable","13":"purchasable","14":"product-type-simple"},"_links":{"self":[{"href":"https:\/\/www.nakitsrebro.rs\/en\/wp-json\/wp\/v2\/product\/12582","targetHints":{"allow":["GET"]}}],"collection":[{"href":"https:\/\/www.nakitsrebro.rs\/en\/wp-json\/wp\/v2\/product"}],"about":[{"href":"https:\/\/www.nakitsrebro.rs\/en\/wp-json\/wp\/v2\/types\/product"}],"replies":[{"embeddable":true,"href":"https:\/\/www.nakitsrebro.rs\/en\/wp-json\/wp\/v2\/comments?post=12582"}],"wp:featuredmedia":[{"embeddable":true,"href":"https:\/\/www.nakitsrebro.rs\/en\/wp-json\/wp\/v2\/media\/12583"}],"wp:attachment":[{"href":"https:\/\/www.nakitsrebro.rs\/en\/wp-json\/wp\/v2\/media?parent=12582"}],"wp:term":[{"taxonomy":"product_brand","embeddable":true,"href":"https:\/\/www.nakitsrebro.rs\/en\/wp-json\/wp\/v2\/product_brand?post=12582"},{"taxonomy":"product_cat","embeddable":true,"href":"https:\/\/www.nakitsrebro.rs\/en\/wp-json\/wp\/v2\/product_cat?post=12582"},{"taxonomy":"product_tag","embeddable":true,"href":"https:\/\/www.nakitsrebro.rs\/en\/wp-json\/wp\/v2\/product_tag?post=12582"}],"curies":[{"name":"wp","href":"https:\/\/api.w.org\/{rel}","templated":true}]}}