{"id":12677,"date":"2025-09-04T12:24:41","date_gmt":"2025-09-04T12:24:41","guid":{"rendered":"https:\/\/www.nakitsrebro.rs\/?post_type=product&#038;p=12677"},"modified":"2025-11-02T14:01:02","modified_gmt":"2025-11-02T14:01:02","slug":"srebrna-narukvica-tri-pa-jedan-222","status":"publish","type":"product","link":"https:\/\/www.nakitsrebro.rs\/en\/p\/srebrna-narukvica-tri-pa-jedan-222\/","title":{"rendered":"Srebrna narukvica \u201eTRI PA JEDAN\u201c 222"},"content":{"rendered":"","protected":false},"excerpt":{"rendered":"<ul>\n<li><strong>TE\u017dINA<\/strong>: 5,8g<\/li>\n<li><strong>DU\u017dINA<\/strong>: 19cm<\/li>\n<li><strong>\u0160IRINA: <\/strong>5mm<\/li>\n<li><strong>MATERIJAL<\/strong>: SREBRO 925<\/li>\n<li>Elegantna srebrna narukvica diskretno je postavljena na ruci, isti\u010du\u0107i sofisticiranost i stil. Njen sjaj suptilno privla\u010di pa\u017enju, dodaju\u0107i notu klasi\u010dne lepote izgledu.<\/li>\n<\/ul>","protected":false},"featured_media":12678,"comment_status":"closed","ping_status":"closed","template":"","meta":[],"product_brand":[],"product_cat":[299,228],"product_tag":[],"class_list":{"0":"post-12677","1":"product","2":"type-product","3":"status-publish","4":"has-post-thumbnail","6":"product_cat-srebrne-narukvice-srebrne-narukvice","7":"product_cat-srebrne-narukvice","9":"first","10":"instock","11":"shipping-taxable","12":"purchasable","13":"product-type-simple"},"_links":{"self":[{"href":"https:\/\/www.nakitsrebro.rs\/en\/wp-json\/wp\/v2\/product\/12677","targetHints":{"allow":["GET"]}}],"collection":[{"href":"https:\/\/www.nakitsrebro.rs\/en\/wp-json\/wp\/v2\/product"}],"about":[{"href":"https:\/\/www.nakitsrebro.rs\/en\/wp-json\/wp\/v2\/types\/product"}],"replies":[{"embeddable":true,"href":"https:\/\/www.nakitsrebro.rs\/en\/wp-json\/wp\/v2\/comments?post=12677"}],"wp:featuredmedia":[{"embeddable":true,"href":"https:\/\/www.nakitsrebro.rs\/en\/wp-json\/wp\/v2\/media\/12678"}],"wp:attachment":[{"href":"https:\/\/www.nakitsrebro.rs\/en\/wp-json\/wp\/v2\/media?parent=12677"}],"wp:term":[{"taxonomy":"product_brand","embeddable":true,"href":"https:\/\/www.nakitsrebro.rs\/en\/wp-json\/wp\/v2\/product_brand?post=12677"},{"taxonomy":"product_cat","embeddable":true,"href":"https:\/\/www.nakitsrebro.rs\/en\/wp-json\/wp\/v2\/product_cat?post=12677"},{"taxonomy":"product_tag","embeddable":true,"href":"https:\/\/www.nakitsrebro.rs\/en\/wp-json\/wp\/v2\/product_tag?post=12677"}],"curies":[{"name":"wp","href":"https:\/\/api.w.org\/{rel}","templated":true}]}}