{"id":12681,"date":"2025-09-04T12:38:07","date_gmt":"2025-09-04T12:38:07","guid":{"rendered":"https:\/\/www.nakitsrebro.rs\/?post_type=product&#038;p=12681"},"modified":"2025-11-02T14:01:02","modified_gmt":"2025-11-02T14:01:02","slug":"srebrna-narukvica-plocica-205","status":"publish","type":"product","link":"https:\/\/www.nakitsrebro.rs\/en\/p\/srebrna-narukvica-plocica-205\/","title":{"rendered":"Srebrna narukvica \u201ePLO\u010cICA\u201c 205"},"content":{"rendered":"","protected":false},"excerpt":{"rendered":"<ul>\n<li><strong>TE\u017dINA<\/strong>: 6,1g<\/li>\n<li><strong>DU\u017dINA<\/strong>: 19,5cm<\/li>\n<li><strong>\u0160IRINA: <\/strong>4mm<\/li>\n<li><strong>MATERIJAL<\/strong>: SREBRO 925<\/li>\n<li>Elegantna srebrna narukvica diskretno je postavljena na ruci, isti\u010du\u0107i sofisticiranost i stil. Njen sjaj suptilno privla\u010di pa\u017enju, dodaju\u0107i notu klasi\u010dne lepote izgledu.<\/li>\n<\/ul>","protected":false},"featured_media":12682,"comment_status":"closed","ping_status":"closed","template":"","meta":[],"product_brand":[],"product_cat":[299,228],"product_tag":[],"class_list":{"0":"post-12681","1":"product","2":"type-product","3":"status-publish","4":"has-post-thumbnail","6":"product_cat-srebrne-narukvice-srebrne-narukvice","7":"product_cat-srebrne-narukvice","9":"first","10":"instock","11":"shipping-taxable","12":"purchasable","13":"product-type-simple"},"_links":{"self":[{"href":"https:\/\/www.nakitsrebro.rs\/en\/wp-json\/wp\/v2\/product\/12681","targetHints":{"allow":["GET"]}}],"collection":[{"href":"https:\/\/www.nakitsrebro.rs\/en\/wp-json\/wp\/v2\/product"}],"about":[{"href":"https:\/\/www.nakitsrebro.rs\/en\/wp-json\/wp\/v2\/types\/product"}],"replies":[{"embeddable":true,"href":"https:\/\/www.nakitsrebro.rs\/en\/wp-json\/wp\/v2\/comments?post=12681"}],"wp:featuredmedia":[{"embeddable":true,"href":"https:\/\/www.nakitsrebro.rs\/en\/wp-json\/wp\/v2\/media\/12682"}],"wp:attachment":[{"href":"https:\/\/www.nakitsrebro.rs\/en\/wp-json\/wp\/v2\/media?parent=12681"}],"wp:term":[{"taxonomy":"product_brand","embeddable":true,"href":"https:\/\/www.nakitsrebro.rs\/en\/wp-json\/wp\/v2\/product_brand?post=12681"},{"taxonomy":"product_cat","embeddable":true,"href":"https:\/\/www.nakitsrebro.rs\/en\/wp-json\/wp\/v2\/product_cat?post=12681"},{"taxonomy":"product_tag","embeddable":true,"href":"https:\/\/www.nakitsrebro.rs\/en\/wp-json\/wp\/v2\/product_tag?post=12681"}],"curies":[{"name":"wp","href":"https:\/\/api.w.org\/{rel}","templated":true}]}}