{"id":12708,"date":"2025-09-09T10:41:16","date_gmt":"2025-09-09T10:41:16","guid":{"rendered":"https:\/\/www.nakitsrebro.rs\/?post_type=product&#038;p=12708"},"modified":"2025-11-02T14:01:01","modified_gmt":"2025-11-02T14:01:01","slug":"srebrna-narukvica-pancir-208","status":"publish","type":"product","link":"https:\/\/www.nakitsrebro.rs\/en\/p\/srebrna-narukvica-pancir-208\/","title":{"rendered":"Srebrna narukvica \u201ePANCIR\u201c 208"},"content":{"rendered":"","protected":false},"excerpt":{"rendered":"<ul>\n<li><strong>TE\u017dINA<\/strong>: 3,2g<\/li>\n<li><strong>DU\u017dINA<\/strong>: 20cm<\/li>\n<li><strong>\u0160IRINA: <\/strong>3mm<\/li>\n<li><strong>MATERIJAL<\/strong>: SREBRO 925<\/li>\n<li>Dizajn narukvice je veoma klasi\u010dan i jednostavan, \u0161to je \u010dini idealnom za svakodnevno no\u0161enje.<\/li>\n<li>Ovaj model narukvice je pogodan kako za mu\u0161karce tako i za \u017eene.<\/li>\n<\/ul>","protected":false},"featured_media":12709,"comment_status":"closed","ping_status":"closed","template":"","meta":[],"product_brand":[],"product_cat":[299,228],"product_tag":[247],"class_list":{"0":"post-12708","1":"product","2":"type-product","3":"status-publish","4":"has-post-thumbnail","6":"product_cat-srebrne-narukvice-srebrne-narukvice","7":"product_cat-srebrne-narukvice","8":"product_tag-srebrna-narukvica","10":"first","11":"outofstock","12":"shipping-taxable","13":"purchasable","14":"product-type-simple"},"_links":{"self":[{"href":"https:\/\/www.nakitsrebro.rs\/en\/wp-json\/wp\/v2\/product\/12708","targetHints":{"allow":["GET"]}}],"collection":[{"href":"https:\/\/www.nakitsrebro.rs\/en\/wp-json\/wp\/v2\/product"}],"about":[{"href":"https:\/\/www.nakitsrebro.rs\/en\/wp-json\/wp\/v2\/types\/product"}],"replies":[{"embeddable":true,"href":"https:\/\/www.nakitsrebro.rs\/en\/wp-json\/wp\/v2\/comments?post=12708"}],"wp:featuredmedia":[{"embeddable":true,"href":"https:\/\/www.nakitsrebro.rs\/en\/wp-json\/wp\/v2\/media\/12709"}],"wp:attachment":[{"href":"https:\/\/www.nakitsrebro.rs\/en\/wp-json\/wp\/v2\/media?parent=12708"}],"wp:term":[{"taxonomy":"product_brand","embeddable":true,"href":"https:\/\/www.nakitsrebro.rs\/en\/wp-json\/wp\/v2\/product_brand?post=12708"},{"taxonomy":"product_cat","embeddable":true,"href":"https:\/\/www.nakitsrebro.rs\/en\/wp-json\/wp\/v2\/product_cat?post=12708"},{"taxonomy":"product_tag","embeddable":true,"href":"https:\/\/www.nakitsrebro.rs\/en\/wp-json\/wp\/v2\/product_tag?post=12708"}],"curies":[{"name":"wp","href":"https:\/\/api.w.org\/{rel}","templated":true}]}}