{"id":12830,"date":"2025-11-04T09:02:16","date_gmt":"2025-11-04T09:02:16","guid":{"rendered":"https:\/\/www.nakitsrebro.rs\/?post_type=product&#038;p=12830"},"modified":"2025-12-23T20:36:07","modified_gmt":"2025-12-23T20:36:07","slug":"srebrna-narukvica-cirkon-1011","status":"publish","type":"product","link":"https:\/\/www.nakitsrebro.rs\/en\/p\/srebrna-narukvica-cirkon-1011\/","title":{"rendered":"Srebrna narukvica \u201eCIRKON\u201c 1011"},"content":{"rendered":"<ul>\n<li><b>Materijal:<\/b> Srebro<\/li>\n<li><b>Fino\u0107a:<\/b> 925<\/li>\n<li><b>Zavr\u0161na obrada:<\/b> Rodinirano<\/li>\n<li><b>Kamen:<\/b> Cirkon<\/li>\n<li><b>Grama\u017ea:<\/b> 1,5 g<\/li>\n<li><b>\u0160ifra proizvoda:<\/b> 1011<\/li>\n<li><b>Podesiva du\u017eina:<\/b> 17 cm + 4 cm (produ\u017eetak)<\/li>\n<li><b>Vrsta kop\u010danja:<\/b> Alka kop\u010da<\/li>\n<li>Ova elegantna narukvica je savr\u0161en spoj klasi\u010dnog sjaja i modernog dizajna. Izra\u0111ena je od najfinijeg srebra (fino\u0107e 925), koje je <b>presvu\u010deno slojem rodijuma<\/b>. Ova zavr\u0161na obrada ne samo da narukvici daje luksuzni izgled belog zlata, ve\u0107 pru\u017ea i izuzetnu otpornost na tamnjenje i ogrebotine, osiguravaju\u0107i dugotrajan sjaj.\n<p>Centralni element je besprekorno bru\u0161eni <b>kubni cirkon<\/b>, postavljen u elegantan i siguran kasetni fasung. Ovaj tip fasunga isti\u010de lepotu kamena, pru\u017eaju\u0107i mu maksimalnu svetlost, dok ga istovremeno \u0161titi.<\/p>\n<p>Narukvica se sastoji od modernog i izdr\u017eljivog <b>&#8222;Venecijaner&#8220; lanca<\/b>, poznatog po svojim kockastim karikama koje se glatko ni\u017eu. Poseduje klasi\u010dnu i sigurnu alka kop\u010du, kao i <b>produ\u017eni lan\u010di\u0107<\/b> koji vam omogu\u0107ava da lako prilagodite du\u017einu za savr\u0161eno pristajanje. Kao \u0161armantan detalj, na kraju produ\u017eetka nalazi se malo srce.<\/p>\n<p>Idealna je za svakodnevno no\u0161enje, ali i dovoljno prefinjena da upotpuni ve\u010dernju kombinaciju.<\/li>\n<\/ul>","protected":false},"excerpt":{"rendered":"<p>Prefinjena srebrna narukvica sa &#8222;Venecijaner&#8220; lancem, presvu\u010dena rodijumom visokog sjaja. Centralni detalj je blistavi cirkon u minimalisti\u010dkom kasetnom fasungu, koji pru\u017ea notu suptilnog luksuza i elegancije.<\/p>","protected":false},"featured_media":12831,"comment_status":"closed","ping_status":"closed","template":"","meta":[],"product_brand":[],"product_cat":[300,228],"product_tag":[247],"class_list":{"0":"post-12830","1":"product","2":"type-product","3":"status-publish","4":"has-post-thumbnail","6":"product_cat-narukvice-sa-privescima-charm-bracelets","7":"product_cat-srebrne-narukvice","8":"product_tag-srebrna-narukvica","10":"first","11":"outofstock","12":"shipping-taxable","13":"purchasable","14":"product-type-simple"},"_links":{"self":[{"href":"https:\/\/www.nakitsrebro.rs\/en\/wp-json\/wp\/v2\/product\/12830","targetHints":{"allow":["GET"]}}],"collection":[{"href":"https:\/\/www.nakitsrebro.rs\/en\/wp-json\/wp\/v2\/product"}],"about":[{"href":"https:\/\/www.nakitsrebro.rs\/en\/wp-json\/wp\/v2\/types\/product"}],"replies":[{"embeddable":true,"href":"https:\/\/www.nakitsrebro.rs\/en\/wp-json\/wp\/v2\/comments?post=12830"}],"wp:featuredmedia":[{"embeddable":true,"href":"https:\/\/www.nakitsrebro.rs\/en\/wp-json\/wp\/v2\/media\/12831"}],"wp:attachment":[{"href":"https:\/\/www.nakitsrebro.rs\/en\/wp-json\/wp\/v2\/media?parent=12830"}],"wp:term":[{"taxonomy":"product_brand","embeddable":true,"href":"https:\/\/www.nakitsrebro.rs\/en\/wp-json\/wp\/v2\/product_brand?post=12830"},{"taxonomy":"product_cat","embeddable":true,"href":"https:\/\/www.nakitsrebro.rs\/en\/wp-json\/wp\/v2\/product_cat?post=12830"},{"taxonomy":"product_tag","embeddable":true,"href":"https:\/\/www.nakitsrebro.rs\/en\/wp-json\/wp\/v2\/product_tag?post=12830"}],"curies":[{"name":"wp","href":"https:\/\/api.w.org\/{rel}","templated":true}]}}